{"id":8777,"date":"2021-12-08T16:12:42","date_gmt":"2021-12-08T16:12:42","guid":{"rendered":"https:\/\/www.rohner-konzept.ch\/?page_id=8777"},"modified":"2021-12-10T09:10:06","modified_gmt":"2021-12-10T09:10:06","slug":"histoires-a-succes","status":"publish","type":"page","link":"https:\/\/www.rohner-konzept.ch\/fr\/histoires-a-succes\/","title":{"rendered":"Histoires \u00e0 succ\u00e8s"},"content":{"rendered":"<p>[et_pb_section fb_built=\u00a0\u00bb1&Prime; admin_label=\u00a0\u00bbHeader mit Bild und Farbfl\u00e4che\u00a0\u00bb _builder_version=\u00a0\u00bb4.6.5&Prime; _module_preset=\u00a0\u00bbdefault\u00a0\u00bb background_color=\u00a0\u00bbrgba(0,0,0,0)\u00a0\u00bb use_background_color_gradient=\u00a0\u00bbon\u00a0\u00bb background_color_gradient_start=\u00a0\u00bb#ffffff\u00a0\u00bb background_color_gradient_end=\u00a0\u00bb#d7cfc6&Prime; background_color_gradient_direction=\u00a0\u00bb90deg\u00a0\u00bb background_color_gradient_start_position=\u00a0\u00bb25%\u00a0\u00bb background_color_gradient_end_position=\u00a0\u00bb25%\u00a0\u00bb background_enable_image=\u00a0\u00bboff\u00a0\u00bb z_index=\u00a0\u00bb0&Prime; width=\u00a0\u00bb100%\u00a0\u00bb width_tablet=\u00a0\u00bb\u00a0\u00bb width_phone=\u00a0\u00bb\u00a0\u00bb width_last_edited=\u00a0\u00bbon|desktop\u00a0\u00bb module_alignment=\u00a0\u00bbleft\u00a0\u00bb custom_margin=\u00a0\u00bb|||0px|false|false\u00a0\u00bb custom_padding=\u00a0\u00bb5px|||0px|false|false\u00a0\u00bb background_last_edited=\u00a0\u00bbon|desktop\u00a0\u00bb background_color_gradient_start_position_tablet=\u00a0\u00bb35%\u00a0\u00bb background_color_gradient_start_position_phone=\u00a0\u00bb100%\u00a0\u00bb background_color_gradient_end_position_tablet=\u00a0\u00bb35%\u00a0\u00bb background_color_gradient_end_position_phone=\u00a0\u00bb100%\u00a0\u00bb da_disable_devices=\u00a0\u00bboff|off|off\u00a0\u00bb global_colors_info=\u00a0\u00bb{}\u00a0\u00bb da_is_popup=\u00a0\u00bboff\u00a0\u00bb da_exit_intent=\u00a0\u00bboff\u00a0\u00bb da_has_close=\u00a0\u00bbon\u00a0\u00bb da_alt_close=\u00a0\u00bboff\u00a0\u00bb da_dark_close=\u00a0\u00bboff\u00a0\u00bb da_not_modal=\u00a0\u00bbon\u00a0\u00bb da_is_singular=\u00a0\u00bboff\u00a0\u00bb da_with_loader=\u00a0\u00bboff\u00a0\u00bb da_has_shadow=\u00a0\u00bbon\u00a0\u00bb][et_pb_row _builder_version=\u00a0\u00bb4.10.8&Prime; _module_preset=\u00a0\u00bbdefault\u00a0\u00bb background_color=\u00a0\u00bb#244C66&Prime; background_image=\u00a0\u00bbhttps:\/\/www.rohner-konzept.ch\/wp-content\/uploads\/2020\/10\/shutterstock_331379639-2-scaled.jpg\u00a0\u00bb width=\u00a0\u00bb90%\u00a0\u00bb width_tablet=\u00a0\u00bb90%\u00a0\u00bb width_phone=\u00a0\u00bb100%\u00a0\u00bb width_last_edited=\u00a0\u00bbon|tablet\u00a0\u00bb max_width=\u00a0\u00bb5000px\u00a0\u00bb module_alignment=\u00a0\u00bbleft\u00a0\u00bb min_height=\u00a0\u00bb600px\u00a0\u00bb min_height_tablet=\u00a0\u00bb500px\u00a0\u00bb min_height_phone=\u00a0\u00bb500px\u00a0\u00bb min_height_last_edited=\u00a0\u00bbon|phone\u00a0\u00bb max_height=\u00a0\u00bb700px\u00a0\u00bb max_height_tablet=\u00a0\u00bb700px\u00a0\u00bb max_height_phone=\u00a0\u00bb800px\u00a0\u00bb max_height_last_edited=\u00a0\u00bbon|tablet\u00a0\u00bb custom_margin=\u00a0\u00bb0px||-150px|0px|false|false\u00a0\u00bb custom_padding=\u00a0\u00bb||||false|false\u00a0\u00bb animation_style=\u00a0\u00bbslide\u00a0\u00bb animation_direction=\u00a0\u00bbleft\u00a0\u00bb animation_intensity_slide=\u00a0\u00bb20%\u00a0\u00bb animation_starting_opacity=\u00a0\u00bb100%\u00a0\u00bb scroll_vertical_motion=\u00a0\u00bb0|50|50|100|0|0|0&Prime; global_colors_info=\u00a0\u00bb{}\u00a0\u00bb][et_pb_column type=\u00a0\u00bb4_4&Prime; _builder_version=\u00a0\u00bb4.6.5&Prime; _module_preset=\u00a0\u00bbdefault\u00a0\u00bb background_enable_image=\u00a0\u00bboff\u00a0\u00bb global_colors_info=\u00a0\u00bb{}\u00a0\u00bb][et_pb_text _builder_version=\u00a0\u00bb4.13.1&Prime; _module_preset=\u00a0\u00bbdefault\u00a0\u00bb header_text_color=\u00a0\u00bb#ffffff\u00a0\u00bb max_width=\u00a0\u00bb30%\u00a0\u00bb max_width_tablet=\u00a0\u00bb40%\u00a0\u00bb max_width_phone=\u00a0\u00bb50%\u00a0\u00bb max_width_last_edited=\u00a0\u00bbon|desktop\u00a0\u00bb custom_margin=\u00a0\u00bb350px|20%||20%|false|false\u00a0\u00bb custom_margin_tablet=\u00a0\u00bb50px|10%||10%|false|false\u00a0\u00bb custom_margin_phone=\u00a0\u00bb10px|10%||10%|false|false\u00a0\u00bb custom_margin_last_edited=\u00a0\u00bbon|phone\u00a0\u00bb global_colors_info=\u00a0\u00bb{}\u00a0\u00bb]<\/p>\n<h2 style=\"font-weight: 400;\"><span>Histoires de r\u00e9ussite pour perdre du poids avec le Concept Rohner<\/span><\/h2>\n<p>[\/et_pb_text][\/et_pb_column][\/et_pb_row][\/et_pb_section][et_pb_section fb_built=\u00a0\u00bb1&Prime; admin_label=\u00a0\u00bbText mit Freisteller\u00a0\u00bb _builder_version=\u00a0\u00bb4.6.6&Prime; _module_preset=\u00a0\u00bbdefault\u00a0\u00bb z_index=\u00a0\u00bb-361&Prime; custom_margin=\u00a0\u00bb||||false|false\u00a0\u00bb custom_margin_tablet=\u00a0\u00bb5vw||||false|false\u00a0\u00bb custom_margin_phone=\u00a0\u00bb10vw||||false|false\u00a0\u00bb custom_margin_last_edited=\u00a0\u00bboff|desktop\u00a0\u00bb custom_padding=\u00a0\u00bb||||false|false\u00a0\u00bb da_disable_devices=\u00a0\u00bboff|off|off\u00a0\u00bb locked=\u00a0\u00bboff\u00a0\u00bb collapsed=\u00a0\u00bboff\u00a0\u00bb global_colors_info=\u00a0\u00bb{}\u00a0\u00bb da_is_popup=\u00a0\u00bboff\u00a0\u00bb da_exit_intent=\u00a0\u00bboff\u00a0\u00bb da_has_close=\u00a0\u00bbon\u00a0\u00bb da_alt_close=\u00a0\u00bboff\u00a0\u00bb da_dark_close=\u00a0\u00bboff\u00a0\u00bb da_not_modal=\u00a0\u00bbon\u00a0\u00bb da_is_singular=\u00a0\u00bboff\u00a0\u00bb da_with_loader=\u00a0\u00bboff\u00a0\u00bb da_has_shadow=\u00a0\u00bbon\u00a0\u00bb][\/et_pb_section][et_pb_section fb_built=\u00a0\u00bb1&Prime; specialty=\u00a0\u00bbon\u00a0\u00bb _builder_version=\u00a0\u00bb4.10.8&Prime; _module_preset=\u00a0\u00bbdefault\u00a0\u00bb custom_margin=\u00a0\u00bb||||false|false\u00a0\u00bb custom_padding=\u00a0\u00bb||||false|false\u00a0\u00bb da_disable_devices=\u00a0\u00bboff|off|off\u00a0\u00bb global_colors_info=\u00a0\u00bb{}\u00a0\u00bb da_is_popup=\u00a0\u00bboff\u00a0\u00bb da_exit_intent=\u00a0\u00bboff\u00a0\u00bb da_has_close=\u00a0\u00bbon\u00a0\u00bb da_alt_close=\u00a0\u00bboff\u00a0\u00bb da_dark_close=\u00a0\u00bboff\u00a0\u00bb da_not_modal=\u00a0\u00bbon\u00a0\u00bb da_is_singular=\u00a0\u00bboff\u00a0\u00bb da_with_loader=\u00a0\u00bboff\u00a0\u00bb da_has_shadow=\u00a0\u00bbon\u00a0\u00bb][et_pb_column type=\u00a0\u00bb1_3&Prime; _builder_version=\u00a0\u00bb3.25&Prime; custom_padding=\u00a0\u00bb|||\u00a0\u00bb global_colors_info=\u00a0\u00bb{}\u00a0\u00bb custom_padding__hover=\u00a0\u00bb|||\u00a0\u00bb][et_pb_text _builder_version=\u00a0\u00bb4.13.1&Prime; _module_preset=\u00a0\u00bbdefault\u00a0\u00bb header_3_font_size=\u00a0\u00bb25px\u00a0\u00bb header_4_text_color=\u00a0\u00bb#69757e\u00a0\u00bb header_4_line_height=\u00a0\u00bb1.4em\u00a0\u00bb custom_margin_tablet=\u00a0\u00bb-5vw||-5vw||false|false\u00a0\u00bb custom_margin_phone=\u00a0\u00bb-5vw||0px||false|false\u00a0\u00bb custom_margin_last_edited=\u00a0\u00bbon|phone\u00a0\u00bb custom_padding_tablet=\u00a0\u00bb0px||0px||false|false\u00a0\u00bb custom_padding_phone=\u00a0\u00bb0px||0px||false|false\u00a0\u00bb custom_padding_last_edited=\u00a0\u00bbon|tablet\u00a0\u00bb locked=\u00a0\u00bboff\u00a0\u00bb global_colors_info=\u00a0\u00bb{}\u00a0\u00bb]<\/p>\n<h3>Perdre du poids<br \/>sans effet yoyo?<\/h3>\n<p>[\/et_pb_text][\/et_pb_column][et_pb_column type=\u00a0\u00bb2_3&Prime; specialty_columns=\u00a0\u00bb2&Prime; _builder_version=\u00a0\u00bb3.25&Prime; custom_padding=\u00a0\u00bb|||\u00a0\u00bb global_colors_info=\u00a0\u00bb{}\u00a0\u00bb custom_padding__hover=\u00a0\u00bb|||\u00a0\u00bb][et_pb_row_inner use_custom_gutter=\u00a0\u00bbon\u00a0\u00bb _builder_version=\u00a0\u00bb4.10.8&Prime; _module_preset=\u00a0\u00bbdefault\u00a0\u00bb global_colors_info=\u00a0\u00bb{}\u00a0\u00bb][et_pb_column_inner saved_specialty_column_type=\u00a0\u00bb2_3&Prime; _builder_version=\u00a0\u00bb4.10.8&Prime; _module_preset=\u00a0\u00bbdefault\u00a0\u00bb global_colors_info=\u00a0\u00bb{}\u00a0\u00bb][et_pb_portfolio fullwidth=\u00a0\u00bboff\u00a0\u00bb include_categories=\u00a0\u00bb,all\u00a0\u00bb _builder_version=\u00a0\u00bb4.13.1&Prime; _module_preset=\u00a0\u00bbdefault\u00a0\u00bb title_text_color=\u00a0\u00bb#69757e\u00a0\u00bb global_colors_info=\u00a0\u00bb{}\u00a0\u00bb][\/et_pb_portfolio][\/et_pb_column_inner][\/et_pb_row_inner][\/et_pb_column][\/et_pb_section][et_pb_section fb_built=\u00a0\u00bb1&Prime; disabled_on=\u00a0\u00bboff|off|off\u00a0\u00bb admin_label=\u00a0\u00bbWeg zur Anmeldung\u00a0\u00bb _builder_version=\u00a0\u00bb4.6.5&Prime; _module_preset=\u00a0\u00bbdefault\u00a0\u00bb background_color=\u00a0\u00bb#d7cfc6&Prime; da_disable_devices=\u00a0\u00bboff|off|off\u00a0\u00bb saved_tabs=\u00a0\u00bball\u00a0\u00bb locked=\u00a0\u00bboff\u00a0\u00bb collapsed=\u00a0\u00bboff\u00a0\u00bb global_colors_info=\u00a0\u00bb{}\u00a0\u00bb da_is_popup=\u00a0\u00bboff\u00a0\u00bb da_exit_intent=\u00a0\u00bboff\u00a0\u00bb da_has_close=\u00a0\u00bbon\u00a0\u00bb da_alt_close=\u00a0\u00bboff\u00a0\u00bb da_dark_close=\u00a0\u00bboff\u00a0\u00bb da_not_modal=\u00a0\u00bbon\u00a0\u00bb da_is_singular=\u00a0\u00bboff\u00a0\u00bb da_with_loader=\u00a0\u00bboff\u00a0\u00bb da_has_shadow=\u00a0\u00bbon\u00a0\u00bb][et_pb_row custom_padding_last_edited=\u00a0\u00bbon|tablet\u00a0\u00bb _builder_version=\u00a0\u00bb4.6.5&Prime; _module_preset=\u00a0\u00bbdefault\u00a0\u00bb custom_padding_tablet=\u00a0\u00bb0px||||false|false\u00a0\u00bb custom_padding_phone=\u00a0\u00bb0px||||false|false\u00a0\u00bb global_colors_info=\u00a0\u00bb{}\u00a0\u00bb][et_pb_column type=\u00a0\u00bb4_4&Prime; _builder_version=\u00a0\u00bb4.6.5&Prime; _module_preset=\u00a0\u00bbdefault\u00a0\u00bb global_colors_info=\u00a0\u00bb{}\u00a0\u00bb][et_pb_text _builder_version=\u00a0\u00bb4.13.1&Prime; _module_preset=\u00a0\u00bbdefault\u00a0\u00bb header_2_text_color=\u00a0\u00bb#69757e\u00a0\u00bb header_3_text_color=\u00a0\u00bb#69757E\u00a0\u00bb header_3_font_size=\u00a0\u00bb25px\u00a0\u00bb text_orientation=\u00a0\u00bbcenter\u00a0\u00bb global_colors_info=\u00a0\u00bb{}\u00a0\u00bb]<\/p>\n<h3>La voie la plus rapide vers votre silhouette id\u00e9ale\u200b<\/h3>\n<p>[\/et_pb_text][\/et_pb_column][\/et_pb_row][et_pb_row column_structure=\u00a0\u00bb1_4,1_4,1_4,1_4&Prime; _builder_version=\u00a0\u00bb4.6.5&Prime; _module_preset=\u00a0\u00bbdefault\u00a0\u00bb custom_padding=\u00a0\u00bb0px||||false|false\u00a0\u00bb animation_direction=\u00a0\u00bbleft\u00a0\u00bb global_colors_info=\u00a0\u00bb{}\u00a0\u00bb][et_pb_column type=\u00a0\u00bb1_4&Prime; _builder_version=\u00a0\u00bb4.6.5&Prime; _module_preset=\u00a0\u00bbdefault\u00a0\u00bb global_colors_info=\u00a0\u00bb{}\u00a0\u00bb][et_pb_blurb image=\u00a0\u00bbhttps:\/\/www.rohner-konzept.ch\/wp-content\/uploads\/\/2020\/10\/1_Anmeldung.svg\u00a0\u00bb alt=\u00a0\u00bbIcon Anmeldeablauf \u2013 Partnerarzt ausw\u00e4hlen\u00a0\u00bb image_icon_width=\u00a0\u00bb35%\u00a0\u00bb _builder_version=\u00a0\u00bb4.13.1&Prime; _module_preset=\u00a0\u00bbdefault\u00a0\u00bb header_font=\u00a0\u00bb|600|||||||\u00a0\u00bb header_text_color=\u00a0\u00bb#ffffff\u00a0\u00bb header_font_size=\u00a0\u00bb14px\u00a0\u00bb body_text_color=\u00a0\u00bb#ffffff\u00a0\u00bb body_line_height=\u00a0\u00bb1.5em\u00a0\u00bb text_orientation=\u00a0\u00bbcenter\u00a0\u00bb module_alignment=\u00a0\u00bbcenter\u00a0\u00bb animation_style=\u00a0\u00bbfade\u00a0\u00bb animation_duration=\u00a0\u00bb420ms\u00a0\u00bb image_max_width=\u00a0\u00bb35%\u00a0\u00bb global_colors_info=\u00a0\u00bb{}\u00a0\u00bb transform_styles__hover_enabled=\u00a0\u00bbon|hover\u00a0\u00bb transform_scale__hover=\u00a0\u00bb110%|110%\u00a0\u00bb transform_scale__hover_enabled=\u00a0\u00bbon|hover\u00a0\u00bb transform_translate__hover_enabled=\u00a0\u00bbon|desktop\u00a0\u00bb transform_rotate__hover_enabled=\u00a0\u00bbon|desktop\u00a0\u00bb transform_skew__hover_enabled=\u00a0\u00bbon|desktop\u00a0\u00bb transform_origin__hover_enabled=\u00a0\u00bbon|desktop\u00a0\u00bb]<\/p>\n<p>1.<br \/>Choisir un<br \/>m\u00e9decin partenaire<\/p>\n<p>[\/et_pb_blurb][\/et_pb_column][et_pb_column type=\u00a0\u00bb1_4&Prime; _builder_version=\u00a0\u00bb4.6.5&Prime; _module_preset=\u00a0\u00bbdefault\u00a0\u00bb global_colors_info=\u00a0\u00bb{}\u00a0\u00bb][et_pb_blurb image=\u00a0\u00bbhttps:\/\/www.rohner-konzept.ch\/wp-content\/uploads\/\/2020\/10\/2_Anmeldung.svg\u00a0\u00bb alt=\u00a0\u00bbIcon Anmeldeablauf \u2013 Online bezahlen\u00a0\u00bb image_icon_width=\u00a0\u00bb35%\u00a0\u00bb _builder_version=\u00a0\u00bb4.13.1&Prime; _module_preset=\u00a0\u00bbdefault\u00a0\u00bb header_font=\u00a0\u00bb|600|||||||\u00a0\u00bb header_text_color=\u00a0\u00bb#ffffff\u00a0\u00bb header_font_size=\u00a0\u00bb14px\u00a0\u00bb body_text_color=\u00a0\u00bb#ffffff\u00a0\u00bb body_line_height=\u00a0\u00bb1.5em\u00a0\u00bb text_orientation=\u00a0\u00bbcenter\u00a0\u00bb module_alignment=\u00a0\u00bbcenter\u00a0\u00bb animation_style=\u00a0\u00bbfade\u00a0\u00bb animation_duration=\u00a0\u00bb200ms\u00a0\u00bb animation_delay=\u00a0\u00bb200ms\u00a0\u00bb image_max_width=\u00a0\u00bb35%\u00a0\u00bb global_colors_info=\u00a0\u00bb{}\u00a0\u00bb transform_styles__hover_enabled=\u00a0\u00bbon|hover\u00a0\u00bb transform_scale__hover=\u00a0\u00bb110%|110%\u00a0\u00bb transform_scale__hover_enabled=\u00a0\u00bbon|hover\u00a0\u00bb transform_translate__hover_enabled=\u00a0\u00bbon|desktop\u00a0\u00bb transform_rotate__hover_enabled=\u00a0\u00bbon|desktop\u00a0\u00bb transform_skew__hover_enabled=\u00a0\u00bbon|desktop\u00a0\u00bb transform_origin__hover_enabled=\u00a0\u00bbon|desktop\u00a0\u00bb]<\/p>\n<p>2.<br \/>Effectuer le<br \/>paiement en ligne<\/p>\n<p>[\/et_pb_blurb][\/et_pb_column][et_pb_column type=\u00a0\u00bb1_4&Prime; _builder_version=\u00a0\u00bb4.6.5&Prime; _module_preset=\u00a0\u00bbdefault\u00a0\u00bb global_colors_info=\u00a0\u00bb{}\u00a0\u00bb][et_pb_blurb image=\u00a0\u00bbhttps:\/\/www.rohner-konzept.ch\/wp-content\/uploads\/\/2020\/10\/3_Anmeldung.svg\u00a0\u00bb alt=\u00a0\u00bbIcon Anmeldeablauf \u2013 Termin beim Partnerarzt vereinbaren\u00a0\u00bb image_icon_width=\u00a0\u00bb35%\u00a0\u00bb _builder_version=\u00a0\u00bb4.13.1&Prime; _module_preset=\u00a0\u00bbdefault\u00a0\u00bb header_font=\u00a0\u00bb|600|||||||\u00a0\u00bb header_text_color=\u00a0\u00bb#ffffff\u00a0\u00bb header_font_size=\u00a0\u00bb14px\u00a0\u00bb body_text_color=\u00a0\u00bb#ffffff\u00a0\u00bb body_line_height=\u00a0\u00bb1.5em\u00a0\u00bb text_orientation=\u00a0\u00bbcenter\u00a0\u00bb module_alignment=\u00a0\u00bbcenter\u00a0\u00bb animation_style=\u00a0\u00bbfade\u00a0\u00bb animation_duration=\u00a0\u00bb200ms\u00a0\u00bb animation_delay=\u00a0\u00bb400ms\u00a0\u00bb image_max_width=\u00a0\u00bb35%\u00a0\u00bb global_colors_info=\u00a0\u00bb{}\u00a0\u00bb transform_styles__hover_enabled=\u00a0\u00bbon|hover\u00a0\u00bb transform_scale__hover_enabled=\u00a0\u00bbon|hover\u00a0\u00bb transform_translate__hover_enabled=\u00a0\u00bbon|desktop\u00a0\u00bb transform_rotate__hover_enabled=\u00a0\u00bbon|desktop\u00a0\u00bb transform_skew__hover_enabled=\u00a0\u00bbon|desktop\u00a0\u00bb transform_origin__hover_enabled=\u00a0\u00bbon|desktop\u00a0\u00bb transform_scale__hover=\u00a0\u00bb110%|110%\u00a0\u00bb]<\/p>\n<p>3.<br \/>Fixer un rendez-vous<br \/>aupr\u00e8s du m\u00e9decin partenaire<\/p>\n<p>[\/et_pb_blurb][\/et_pb_column][et_pb_column type=\u00a0\u00bb1_4&Prime; _builder_version=\u00a0\u00bb4.6.5&Prime; _module_preset=\u00a0\u00bbdefault\u00a0\u00bb global_colors_info=\u00a0\u00bb{}\u00a0\u00bb][et_pb_blurb image=\u00a0\u00bbhttps:\/\/www.rohner-konzept.ch\/wp-content\/uploads\/\/2020\/10\/4_Anmeldung.svg\u00a0\u00bb alt=\u00a0\u00bbIcon Anmeldeablauf \u2013 pers\u00f6nliches Ern\u00e4hrungskonzept erhalten\u00a0\u00bb image_icon_width=\u00a0\u00bb35%\u00a0\u00bb admin_label=\u00a0\u00bbInformationstext\u00a0\u00bb _builder_version=\u00a0\u00bb4.13.1&Prime; _module_preset=\u00a0\u00bbdefault\u00a0\u00bb header_font=\u00a0\u00bb|600|||||||\u00a0\u00bb header_text_color=\u00a0\u00bb#ffffff\u00a0\u00bb header_font_size=\u00a0\u00bb14px\u00a0\u00bb body_text_color=\u00a0\u00bb#ffffff\u00a0\u00bb body_line_height=\u00a0\u00bb1.5em\u00a0\u00bb text_orientation=\u00a0\u00bbcenter\u00a0\u00bb module_alignment=\u00a0\u00bbcenter\u00a0\u00bb animation_style=\u00a0\u00bbfade\u00a0\u00bb animation_duration=\u00a0\u00bb200ms\u00a0\u00bb animation_delay=\u00a0\u00bb600ms\u00a0\u00bb image_max_width=\u00a0\u00bb35%\u00a0\u00bb global_colors_info=\u00a0\u00bb{}\u00a0\u00bb transform_styles__hover_enabled=\u00a0\u00bbon|hover\u00a0\u00bb transform_scale__hover=\u00a0\u00bb110%|110%\u00a0\u00bb transform_scale__hover_enabled=\u00a0\u00bbon|hover\u00a0\u00bb transform_translate__hover_enabled=\u00a0\u00bbon|desktop\u00a0\u00bb transform_rotate__hover_enabled=\u00a0\u00bbon|desktop\u00a0\u00bb transform_skew__hover_enabled=\u00a0\u00bbon|desktop\u00a0\u00bb transform_origin__hover_enabled=\u00a0\u00bbon|desktop\u00a0\u00bb]<\/p>\n<p>4.<br \/>Recevoir un Concept<br \/>nutritionnel personnalis\u00e9<\/p>\n<p>[\/et_pb_blurb][\/et_pb_column][\/et_pb_row][et_pb_row _builder_version=\u00a0\u00bb4.6.5&Prime; _module_preset=\u00a0\u00bbdefault\u00a0\u00bb global_colors_info=\u00a0\u00bb{}\u00a0\u00bb][et_pb_column type=\u00a0\u00bb4_4&Prime; _builder_version=\u00a0\u00bb4.6.5&Prime; _module_preset=\u00a0\u00bbdefault\u00a0\u00bb global_colors_info=\u00a0\u00bb{}\u00a0\u00bb][et_pb_button button_url=\u00a0\u00bb@ET-DC@eyJkeW5hbWljIjp0cnVlLCJjb250ZW50IjoicG9zdF9saW5rX3VybF9wYWdlIiwic2V0dGluZ3MiOnsicG9zdF9pZCI6IjU4MjEifX0=@\u00a0\u00bb button_text=\u00a0\u00bbS\u2019inscrire de suite\u00a0\u00bb button_alignment=\u00a0\u00bbcenter\u00a0\u00bb _builder_version=\u00a0\u00bb4.13.1&Prime; _dynamic_attributes=\u00a0\u00bbbutton_url\u00a0\u00bb _module_preset=\u00a0\u00bbdefault\u00a0\u00bb custom_button=\u00a0\u00bbon\u00a0\u00bb button_font=\u00a0\u00bb|600|||||||\u00a0\u00bb custom_padding=\u00a0\u00bb8px|20px|8px|20px|false|false\u00a0\u00bb animation_style=\u00a0\u00bbbounce\u00a0\u00bb animation_duration=\u00a0\u00bb500ms\u00a0\u00bb animation_delay=\u00a0\u00bb800ms\u00a0\u00bb global_colors_info=\u00a0\u00bb{}\u00a0\u00bb][\/et_pb_button][\/et_pb_column][\/et_pb_row][\/et_pb_section]<\/p>\n","protected":false},"excerpt":{"rendered":"<p>Histoires de r\u00e9ussite pour perdre du poids avec le Concept RohnerPerdre du poidssans effet yoyo?La voie la plus rapide vers votre silhouette id\u00e9ale\u200b1.Choisir unm\u00e9decin partenaire2.Effectuer lepaiement en ligne3.Fixer un rendez-vousaupr\u00e8s du m\u00e9decin partenaire4.Recevoir un Conceptnutritionnel personnalis\u00e9<\/p>\n","protected":false},"author":21,"featured_media":0,"parent":0,"menu_order":0,"comment_status":"closed","ping_status":"closed","template":"","meta":{"_et_pb_use_builder":"on","_et_pb_old_content":"","_et_gb_content_width":"","inline_featured_image":false,"footnotes":""},"class_list":["post-8777","page","type-page","status-publish","hentry"],"yoast_head":"<!-- This site is optimized with the Yoast SEO plugin v26.8 - https:\/\/yoast.com\/product\/yoast-seo-wordpress\/ -->\n<title>Histoires \u00e0 succ\u00e8s &#8211; Rohner-Konzept AG<\/title>\n<meta name=\"robots\" content=\"index, follow, max-snippet:-1, max-image-preview:large, max-video-preview:-1\" \/>\n<link rel=\"canonical\" href=\"https:\/\/www.rohner-konzept.ch\/fr\/histoires-a-succes\/\" \/>\n<meta property=\"og:locale\" content=\"fr_FR\" \/>\n<meta property=\"og:type\" content=\"article\" \/>\n<meta property=\"og:title\" content=\"Histoires \u00e0 succ\u00e8s &#8211; Rohner-Konzept AG\" \/>\n<meta property=\"og:description\" content=\"Histoires de r\u00e9ussite pour perdre du poids avec le Concept RohnerPerdre du poidssans effet yoyo?La voie la plus rapide vers votre silhouette id\u00e9ale\u200b1.Choisir unm\u00e9decin partenaire2.Effectuer lepaiement en ligne3.Fixer un rendez-vousaupr\u00e8s du m\u00e9decin partenaire4.Recevoir un Conceptnutritionnel personnalis\u00e9\" \/>\n<meta property=\"og:url\" content=\"https:\/\/www.rohner-konzept.ch\/fr\/histoires-a-succes\/\" \/>\n<meta property=\"og:site_name\" content=\"Rohner-Konzept AG\" \/>\n<meta property=\"article:modified_time\" content=\"2021-12-10T09:10:06+00:00\" \/>\n<meta name=\"twitter:card\" content=\"summary_large_image\" \/>\n<meta name=\"twitter:label1\" content=\"Dur\u00e9e de lecture estim\u00e9e\" \/>\n\t<meta name=\"twitter:data1\" content=\"7 minutes\" \/>\n<script type=\"application\/ld+json\" class=\"yoast-schema-graph\">{\"@context\":\"https:\/\/schema.org\",\"@graph\":[{\"@type\":\"WebPage\",\"@id\":\"https:\/\/www.rohner-konzept.ch\/fr\/histoires-a-succes\/\",\"url\":\"https:\/\/www.rohner-konzept.ch\/fr\/histoires-a-succes\/\",\"name\":\"Histoires \u00e0 succ\u00e8s &#8211; Rohner-Konzept AG\",\"isPartOf\":{\"@id\":\"https:\/\/www.rohner-konzept.ch\/fr\/#website\"},\"datePublished\":\"2021-12-08T16:12:42+00:00\",\"dateModified\":\"2021-12-10T09:10:06+00:00\",\"breadcrumb\":{\"@id\":\"https:\/\/www.rohner-konzept.ch\/fr\/histoires-a-succes\/#breadcrumb\"},\"inLanguage\":\"fr-FR\",\"potentialAction\":[{\"@type\":\"ReadAction\",\"target\":[\"https:\/\/www.rohner-konzept.ch\/fr\/histoires-a-succes\/\"]}]},{\"@type\":\"BreadcrumbList\",\"@id\":\"https:\/\/www.rohner-konzept.ch\/fr\/histoires-a-succes\/#breadcrumb\",\"itemListElement\":[{\"@type\":\"ListItem\",\"position\":1,\"name\":\"Home\",\"item\":\"https:\/\/www.rohner-konzept.ch\/fr\/\"},{\"@type\":\"ListItem\",\"position\":2,\"name\":\"Histoires \u00e0 succ\u00e8s\"}]},{\"@type\":\"WebSite\",\"@id\":\"https:\/\/www.rohner-konzept.ch\/fr\/#website\",\"url\":\"https:\/\/www.rohner-konzept.ch\/fr\/\",\"name\":\"Rohner-Konzept AG\",\"description\":\"Der medizinische Weg zum Idealgewicht\",\"publisher\":{\"@id\":\"https:\/\/www.rohner-konzept.ch\/fr\/#organization\"},\"potentialAction\":[{\"@type\":\"SearchAction\",\"target\":{\"@type\":\"EntryPoint\",\"urlTemplate\":\"https:\/\/www.rohner-konzept.ch\/fr\/?s={search_term_string}\"},\"query-input\":{\"@type\":\"PropertyValueSpecification\",\"valueRequired\":true,\"valueName\":\"search_term_string\"}}],\"inLanguage\":\"fr-FR\"},{\"@type\":\"Organization\",\"@id\":\"https:\/\/www.rohner-konzept.ch\/fr\/#organization\",\"name\":\"Rohner-Konzept AG\",\"url\":\"https:\/\/www.rohner-konzept.ch\/fr\/\",\"logo\":{\"@type\":\"ImageObject\",\"inLanguage\":\"fr-FR\",\"@id\":\"https:\/\/www.rohner-konzept.ch\/fr\/#\/schema\/logo\/image\/\",\"url\":\"https:\/\/www.rohner-konzept.ch\/wp-content\/uploads\/2020\/10\/RK_Logo_rgb.svg\",\"contentUrl\":\"https:\/\/www.rohner-konzept.ch\/wp-content\/uploads\/2020\/10\/RK_Logo_rgb.svg\",\"width\":\"1024\",\"height\":\"1024\",\"caption\":\"Rohner-Konzept AG\"},\"image\":{\"@id\":\"https:\/\/www.rohner-konzept.ch\/fr\/#\/schema\/logo\/image\/\"}}]}<\/script>\n<!-- \/ Yoast SEO plugin. -->","yoast_head_json":{"title":"Histoires \u00e0 succ\u00e8s &#8211; Rohner-Konzept AG","robots":{"index":"index","follow":"follow","max-snippet":"max-snippet:-1","max-image-preview":"max-image-preview:large","max-video-preview":"max-video-preview:-1"},"canonical":"https:\/\/www.rohner-konzept.ch\/fr\/histoires-a-succes\/","og_locale":"fr_FR","og_type":"article","og_title":"Histoires \u00e0 succ\u00e8s &#8211; Rohner-Konzept AG","og_description":"Histoires de r\u00e9ussite pour perdre du poids avec le Concept RohnerPerdre du poidssans effet yoyo?La voie la plus rapide vers votre silhouette id\u00e9ale\u200b1.Choisir unm\u00e9decin partenaire2.Effectuer lepaiement en ligne3.Fixer un rendez-vousaupr\u00e8s du m\u00e9decin partenaire4.Recevoir un Conceptnutritionnel personnalis\u00e9","og_url":"https:\/\/www.rohner-konzept.ch\/fr\/histoires-a-succes\/","og_site_name":"Rohner-Konzept AG","article_modified_time":"2021-12-10T09:10:06+00:00","twitter_card":"summary_large_image","twitter_misc":{"Dur\u00e9e de lecture estim\u00e9e":"7 minutes"},"schema":{"@context":"https:\/\/schema.org","@graph":[{"@type":"WebPage","@id":"https:\/\/www.rohner-konzept.ch\/fr\/histoires-a-succes\/","url":"https:\/\/www.rohner-konzept.ch\/fr\/histoires-a-succes\/","name":"Histoires \u00e0 succ\u00e8s &#8211; Rohner-Konzept AG","isPartOf":{"@id":"https:\/\/www.rohner-konzept.ch\/fr\/#website"},"datePublished":"2021-12-08T16:12:42+00:00","dateModified":"2021-12-10T09:10:06+00:00","breadcrumb":{"@id":"https:\/\/www.rohner-konzept.ch\/fr\/histoires-a-succes\/#breadcrumb"},"inLanguage":"fr-FR","potentialAction":[{"@type":"ReadAction","target":["https:\/\/www.rohner-konzept.ch\/fr\/histoires-a-succes\/"]}]},{"@type":"BreadcrumbList","@id":"https:\/\/www.rohner-konzept.ch\/fr\/histoires-a-succes\/#breadcrumb","itemListElement":[{"@type":"ListItem","position":1,"name":"Home","item":"https:\/\/www.rohner-konzept.ch\/fr\/"},{"@type":"ListItem","position":2,"name":"Histoires \u00e0 succ\u00e8s"}]},{"@type":"WebSite","@id":"https:\/\/www.rohner-konzept.ch\/fr\/#website","url":"https:\/\/www.rohner-konzept.ch\/fr\/","name":"Rohner-Konzept AG","description":"Der medizinische Weg zum Idealgewicht","publisher":{"@id":"https:\/\/www.rohner-konzept.ch\/fr\/#organization"},"potentialAction":[{"@type":"SearchAction","target":{"@type":"EntryPoint","urlTemplate":"https:\/\/www.rohner-konzept.ch\/fr\/?s={search_term_string}"},"query-input":{"@type":"PropertyValueSpecification","valueRequired":true,"valueName":"search_term_string"}}],"inLanguage":"fr-FR"},{"@type":"Organization","@id":"https:\/\/www.rohner-konzept.ch\/fr\/#organization","name":"Rohner-Konzept AG","url":"https:\/\/www.rohner-konzept.ch\/fr\/","logo":{"@type":"ImageObject","inLanguage":"fr-FR","@id":"https:\/\/www.rohner-konzept.ch\/fr\/#\/schema\/logo\/image\/","url":"https:\/\/www.rohner-konzept.ch\/wp-content\/uploads\/2020\/10\/RK_Logo_rgb.svg","contentUrl":"https:\/\/www.rohner-konzept.ch\/wp-content\/uploads\/2020\/10\/RK_Logo_rgb.svg","width":"1024","height":"1024","caption":"Rohner-Konzept AG"},"image":{"@id":"https:\/\/www.rohner-konzept.ch\/fr\/#\/schema\/logo\/image\/"}}]}},"jetpack_sharing_enabled":true,"_links":{"self":[{"href":"https:\/\/www.rohner-konzept.ch\/fr\/wp-json\/wp\/v2\/pages\/8777","targetHints":{"allow":["GET"]}}],"collection":[{"href":"https:\/\/www.rohner-konzept.ch\/fr\/wp-json\/wp\/v2\/pages"}],"about":[{"href":"https:\/\/www.rohner-konzept.ch\/fr\/wp-json\/wp\/v2\/types\/page"}],"author":[{"embeddable":true,"href":"https:\/\/www.rohner-konzept.ch\/fr\/wp-json\/wp\/v2\/users\/21"}],"replies":[{"embeddable":true,"href":"https:\/\/www.rohner-konzept.ch\/fr\/wp-json\/wp\/v2\/comments?post=8777"}],"version-history":[{"count":6,"href":"https:\/\/www.rohner-konzept.ch\/fr\/wp-json\/wp\/v2\/pages\/8777\/revisions"}],"predecessor-version":[{"id":8797,"href":"https:\/\/www.rohner-konzept.ch\/fr\/wp-json\/wp\/v2\/pages\/8777\/revisions\/8797"}],"wp:attachment":[{"href":"https:\/\/www.rohner-konzept.ch\/fr\/wp-json\/wp\/v2\/media?parent=8777"}],"curies":[{"name":"wp","href":"https:\/\/api.w.org\/{rel}","templated":true}]}}