{"id":7799,"date":"2021-07-09T12:55:05","date_gmt":"2021-07-09T12:55:05","guid":{"rendered":"https:\/\/www.rohner-konzept.ch\/?page_id=7799"},"modified":"2022-05-30T10:20:50","modified_gmt":"2022-05-30T10:20:50","slug":"abonnement-verlaengern","status":"publish","type":"page","link":"https:\/\/www.rohner-konzept.ch\/fr\/abonnement-verlaengern\/","title":{"rendered":"Renouveler l&rsquo;abonnement"},"content":{"rendered":"<p>[et_pb_section fb_built=\u00a0\u00bb1&Prime; admin_label=\u00a0\u00bbsection\u00a0\u00bb _builder_version=\u00a0\u00bb4.16&Prime; da_disable_devices=\u00a0\u00bboff|off|off\u00a0\u00bb global_colors_info=\u00a0\u00bb{}\u00a0\u00bb da_is_popup=\u00a0\u00bboff\u00a0\u00bb da_exit_intent=\u00a0\u00bboff\u00a0\u00bb da_has_close=\u00a0\u00bbon\u00a0\u00bb da_alt_close=\u00a0\u00bboff\u00a0\u00bb da_dark_close=\u00a0\u00bboff\u00a0\u00bb da_not_modal=\u00a0\u00bbon\u00a0\u00bb da_is_singular=\u00a0\u00bboff\u00a0\u00bb da_with_loader=\u00a0\u00bboff\u00a0\u00bb da_has_shadow=\u00a0\u00bbon\u00a0\u00bb][et_pb_row admin_label=\u00a0\u00bbrow\u00a0\u00bb _builder_version=\u00a0\u00bb4.16&Prime; background_size=\u00a0\u00bbinitial\u00a0\u00bb background_position=\u00a0\u00bbtop_left\u00a0\u00bb background_repeat=\u00a0\u00bbrepeat\u00a0\u00bb global_colors_info=\u00a0\u00bb{}\u00a0\u00bb][et_pb_column type=\u00a0\u00bb4_4&Prime; _builder_version=\u00a0\u00bb4.16&Prime; custom_padding=\u00a0\u00bb|||\u00a0\u00bb global_colors_info=\u00a0\u00bb{}\u00a0\u00bb custom_padding__hover=\u00a0\u00bb|||\u00a0\u00bb][et_pb_post_title meta=\u00a0\u00bboff\u00a0\u00bb admin_label=\u00a0\u00bbPost Title\u00a0\u00bb _builder_version=\u00a0\u00bb4.17.4&Prime; _module_preset=\u00a0\u00bbdefault\u00a0\u00bb global_colors_info=\u00a0\u00bb{}\u00a0\u00bb][\/et_pb_post_title][\/et_pb_column][\/et_pb_row][et_pb_row column_structure=\u00a0\u00bb1_3,2_3&Prime; custom_padding_last_edited=\u00a0\u00bboff|desktop\u00a0\u00bb admin_label=\u00a0\u00bbFormular\u00a0\u00bb module_id=\u00a0\u00bbanmelden\u00a0\u00bb module_class=\u00a0\u00bbanmelden\u00a0\u00bb _builder_version=\u00a0\u00bb4.17.3&Prime; _module_preset=\u00a0\u00bbdefault\u00a0\u00bb custom_margin=\u00a0\u00bb||||false|false\u00a0\u00bb custom_margin_tablet=\u00a0\u00bb10vw||||false|false\u00a0\u00bb custom_margin_phone=\u00a0\u00bb||||false|false\u00a0\u00bb custom_margin_last_edited=\u00a0\u00bbon|phone\u00a0\u00bb custom_padding_tablet=\u00a0\u00bb||||false|false\u00a0\u00bb locked=\u00a0\u00bboff\u00a0\u00bb global_colors_info=\u00a0\u00bb{}\u00a0\u00bb][et_pb_column type=\u00a0\u00bb1_3&Prime; _builder_version=\u00a0\u00bb4.16&Prime; _module_preset=\u00a0\u00bbdefault\u00a0\u00bb global_colors_info=\u00a0\u00bb{}\u00a0\u00bb][et_pb_text admin_label=\u00a0\u00bbText\u00a0\u00bb _builder_version=\u00a0\u00bb4.16&Prime; _module_preset=\u00a0\u00bbdefault\u00a0\u00bb header_text_color=\u00a0\u00bb#44A4D5&Prime; header_font_size=\u00a0\u00bb55px\u00a0\u00bb global_colors_info=\u00a0\u00bb{}\u00a0\u00bb]<\/p>\n<p><span data-sheets-value=\"{&quot;1&quot;:2,&quot;2&quot;:&quot;Renouvelez votre abonnement pour l'utilisation du \\nespace membre du Concept Rohner pendant un an.&quot;}\" data-sheets-userformat=\"{&quot;2&quot;:10625,&quot;3&quot;:{&quot;1&quot;:0,&quot;3&quot;:1},&quot;10&quot;:0,&quot;11&quot;:4,&quot;14&quot;:{&quot;1&quot;:3,&quot;3&quot;:1},&quot;16&quot;:12}\">Renouvelez votre abonnement pour l&rsquo;utilisation du espace membre du Concept Rohner pendant un an.<\/span><\/p>\n<p>[\/et_pb_text][\/et_pb_column][et_pb_column type=\u00a0\u00bb2_3&Prime; _builder_version=\u00a0\u00bb4.16&Prime; _module_preset=\u00a0\u00bbdefault\u00a0\u00bb custom_padding=\u00a0\u00bb20px|20px|20px|20px|false|false\u00a0\u00bb border_radii=\u00a0\u00bbon|5px|5px|5px|5px\u00a0\u00bb border_width_all=\u00a0\u00bb2px\u00a0\u00bb border_color_all=\u00a0\u00bb#D7CFC6&Prime; global_colors_info=\u00a0\u00bb{}\u00a0\u00bb][et_pb_text ul_type=\u00a0\u00bbsquare\u00a0\u00bb _builder_version=\u00a0\u00bb4.16&Prime; _module_preset=\u00a0\u00bbdefault\u00a0\u00bb text_text_color=\u00a0\u00bb#44a4d5&Prime; header_2_text_color=\u00a0\u00bb#000000&Prime; custom_margin_tablet=\u00a0\u00bb\u00a0\u00bb custom_margin_phone=\u00a0\u00bb0px||||false|false\u00a0\u00bb custom_margin_last_edited=\u00a0\u00bbon|phone\u00a0\u00bb custom_padding_tablet=\u00a0\u00bb\u00a0\u00bb custom_padding_phone=\u00a0\u00bb0px||||false|false\u00a0\u00bb custom_padding_last_edited=\u00a0\u00bbon|phone\u00a0\u00bb global_colors_info=\u00a0\u00bb{}\u00a0\u00bb]<\/p>\n<div class=\"et_pb_module et_pb_text et_pb_text_9  et_pb_text_align_left et_pb_bg_layout_light\">\n<div class=\"et_pb_text_inner\">\n<h2>Renouveler 1\/2<\/h2>\n<\/div>\n<\/div>\n<div class=\"et_pb_module et_pb_text et_pb_text_10  et_pb_text_align_left et_pb_bg_layout_light\">\n<div class=\"et_pb_text_inner\"><\/div>\n<\/div>\n<p>[\/et_pb_text][et_pb_wc_price product=\u00a0\u00bb9540&Prime; admin_label=\u00a0\u00bbWoo Product Price\u00a0\u00bb _builder_version=\u00a0\u00bb4.17.3&Prime; _module_preset=\u00a0\u00bbdefault\u00a0\u00bb global_colors_info=\u00a0\u00bb{}\u00a0\u00bb][\/et_pb_wc_price][et_pb_wc_add_to_cart product=\u00a0\u00bb9540&Prime; show_quantity=\u00a0\u00bboff\u00a0\u00bb show_stock=\u00a0\u00bboff\u00a0\u00bb _builder_version=\u00a0\u00bb4.17.4&Prime; _module_preset=\u00a0\u00bbdefault\u00a0\u00bb global_colors_info=\u00a0\u00bb{}\u00a0\u00bb][\/et_pb_wc_add_to_cart][et_pb_code disabled_on=\u00a0\u00bbon|on|on\u00a0\u00bb _builder_version=\u00a0\u00bb4.16&Prime; _module_preset=\u00a0\u00bbdefault\u00a0\u00bb disabled=\u00a0\u00bbon\u00a0\u00bb global_colors_info=\u00a0\u00bb{}\u00a0\u00bb][\/et_pb_code][\/et_pb_column][\/et_pb_row][\/et_pb_section][et_pb_section fb_built=\u00a0\u00bb1&Prime; disabled_on=\u00a0\u00bbon|on|off\u00a0\u00bb admin_label=\u00a0\u00bbWeg zur Anmeldung\u00a0\u00bb _builder_version=\u00a0\u00bb4.16&Prime; _module_preset=\u00a0\u00bbdefault\u00a0\u00bb background_color=\u00a0\u00bbrgba(0,0,0,0)\u00a0\u00bb custom_margin=\u00a0\u00bb0px||0px||false|false\u00a0\u00bb custom_padding=\u00a0\u00bb0px||0px||false|false\u00a0\u00bb da_disable_devices=\u00a0\u00bboff|off|off\u00a0\u00bb saved_tabs=\u00a0\u00bball\u00a0\u00bb locked=\u00a0\u00bboff\u00a0\u00bb global_colors_info=\u00a0\u00bb{}\u00a0\u00bb da_is_popup=\u00a0\u00bboff\u00a0\u00bb da_exit_intent=\u00a0\u00bboff\u00a0\u00bb da_has_close=\u00a0\u00bbon\u00a0\u00bb da_alt_close=\u00a0\u00bboff\u00a0\u00bb da_dark_close=\u00a0\u00bboff\u00a0\u00bb da_not_modal=\u00a0\u00bbon\u00a0\u00bb da_is_singular=\u00a0\u00bboff\u00a0\u00bb da_with_loader=\u00a0\u00bboff\u00a0\u00bb da_has_shadow=\u00a0\u00bbon\u00a0\u00bb][et_pb_row column_structure=\u00a0\u00bb1_3,2_3&Prime; custom_padding_last_edited=\u00a0\u00bboff|desktop\u00a0\u00bb _builder_version=\u00a0\u00bb4.16&Prime; _module_preset=\u00a0\u00bbdefault\u00a0\u00bb custom_margin=\u00a0\u00bb0px||0px||false|false\u00a0\u00bb custom_padding=\u00a0\u00bb0px||0px||false|false\u00a0\u00bb custom_padding_tablet=\u00a0\u00bb0px||||false|false\u00a0\u00bb custom_padding_phone=\u00a0\u00bb0px||||false|false\u00a0\u00bb global_colors_info=\u00a0\u00bb{}\u00a0\u00bb][et_pb_column type=\u00a0\u00bb1_3&Prime; _builder_version=\u00a0\u00bb4.16&Prime; _module_preset=\u00a0\u00bbdefault\u00a0\u00bb global_colors_info=\u00a0\u00bb{}\u00a0\u00bb][et_pb_image src=\u00a0\u00bbhttps:\/\/www.rohner-konzept.ch\/rohner\/wp-content\/uploads\/2020\/11\/Kontakt_Mueller.png\u00a0\u00bb title_text=\u00a0\u00bbKontakt_Mueller\u00a0\u00bb _builder_version=\u00a0\u00bb4.16&Prime; _module_preset=\u00a0\u00bbdefault\u00a0\u00bb custom_margin=\u00a0\u00bb||0px||false|false\u00a0\u00bb custom_padding=\u00a0\u00bb||0px||false|false\u00a0\u00bb global_colors_info=\u00a0\u00bb{}\u00a0\u00bb][\/et_pb_image][\/et_pb_column][et_pb_column type=\u00a0\u00bb2_3&Prime; _builder_version=\u00a0\u00bb4.16&Prime; _module_preset=\u00a0\u00bbdefault\u00a0\u00bb global_colors_info=\u00a0\u00bb{}\u00a0\u00bb][et_pb_text _builder_version=\u00a0\u00bb4.16&Prime; _module_preset=\u00a0\u00bbdefault\u00a0\u00bb custom_margin=\u00a0\u00bb6vw||||false|false\u00a0\u00bb custom_margin_tablet=\u00a0\u00bb\u00a0\u00bb custom_margin_phone=\u00a0\u00bb\u00a0\u00bb custom_margin_last_edited=\u00a0\u00bbon|tablet\u00a0\u00bb global_colors_info=\u00a0\u00bb{}\u00a0\u00bb]<\/p>\n<p><b>Eveline M\u00fcller<br \/><\/b>r\u00e9pond avec plaisir \u00e0 vos questions.<br \/>Vous pouvez l\u2019appeler au:<b> +41 43 366 01 71<br \/><\/b>ou lui envoyer un <b><a href=\"mailto:info@rohner-konzept.ch\">e-mail<\/a>.<\/b><\/p>\n<p>[\/et_pb_text][\/et_pb_column][\/et_pb_row][\/et_pb_section][et_pb_section fb_built=\u00a0\u00bb1&Prime; disabled_on=\u00a0\u00bbon|on|on\u00a0\u00bb _builder_version=\u00a0\u00bb4.16&Prime; _module_preset=\u00a0\u00bbdefault\u00a0\u00bb da_disable_devices=\u00a0\u00bboff|off|off\u00a0\u00bb disabled=\u00a0\u00bbon\u00a0\u00bb global_colors_info=\u00a0\u00bb{}\u00a0\u00bb da_is_popup=\u00a0\u00bboff\u00a0\u00bb da_exit_intent=\u00a0\u00bboff\u00a0\u00bb da_has_close=\u00a0\u00bbon\u00a0\u00bb da_alt_close=\u00a0\u00bboff\u00a0\u00bb da_dark_close=\u00a0\u00bboff\u00a0\u00bb da_not_modal=\u00a0\u00bbon\u00a0\u00bb da_is_singular=\u00a0\u00bboff\u00a0\u00bb da_with_loader=\u00a0\u00bboff\u00a0\u00bb da_has_shadow=\u00a0\u00bbon\u00a0\u00bb][et_pb_row _builder_version=\u00a0\u00bb4.16&Prime; _module_preset=\u00a0\u00bbdefault\u00a0\u00bb global_colors_info=\u00a0\u00bb{}\u00a0\u00bb][et_pb_column type=\u00a0\u00bb4_4&Prime; _builder_version=\u00a0\u00bb4.16&Prime; _module_preset=\u00a0\u00bbdefault\u00a0\u00bb global_colors_info=\u00a0\u00bb{}\u00a0\u00bb][et_pb_code _builder_version=\u00a0\u00bb4.16&Prime; _module_preset=\u00a0\u00bbdefault\u00a0\u00bb global_colors_info=\u00a0\u00bb{}\u00a0\u00bb][\/et_pb_code][et_pb_button button_url=\u00a0\u00bbhttps:\/\/www.rohner-konzept.ch\/fr\/abonnement-verlaengern-vorauskasse\/\u00a0\u00bb button_text=\u00a0\u00bbPr\u00e9paiement\u00a0\u00bb _builder_version=\u00a0\u00bb4.16&Prime; _module_preset=\u00a0\u00bbdefault\u00a0\u00bb global_colors_info=\u00a0\u00bb{}\u00a0\u00bb][\/et_pb_button][\/et_pb_column][\/et_pb_row][\/et_pb_section]<\/p>\n","protected":false},"excerpt":{"rendered":"<p>Renouvelez votre abonnement pour l&rsquo;utilisation du espace membre du Concept Rohner pendant un an. Renouveler 1\/2 Eveline M\u00fcllerr\u00e9pond avec plaisir \u00e0 vos questions.Vous pouvez l\u2019appeler au: +41 43 366 01 71ou lui envoyer un e-mail.<\/p>\n","protected":false},"author":21,"featured_media":0,"parent":0,"menu_order":0,"comment_status":"closed","ping_status":"closed","template":"","meta":{"_et_pb_use_builder":"on","_et_pb_old_content":"","_et_gb_content_width":"","inline_featured_image":false,"footnotes":""},"class_list":["post-7799","page","type-page","status-publish","hentry"],"yoast_head":"<!-- This site is optimized with the Yoast SEO plugin v26.8 - https:\/\/yoast.com\/product\/yoast-seo-wordpress\/ -->\n<title>Renouveler l&#039;abonnement &#8211; Rohner-Konzept AG<\/title>\n<meta name=\"robots\" content=\"index, follow, max-snippet:-1, max-image-preview:large, max-video-preview:-1\" \/>\n<link rel=\"canonical\" href=\"https:\/\/www.rohner-konzept.ch\/fr\/abonnement-verlaengern\/\" \/>\n<meta property=\"og:locale\" content=\"fr_FR\" \/>\n<meta property=\"og:type\" content=\"article\" \/>\n<meta property=\"og:title\" content=\"Renouveler l&#039;abonnement &#8211; Rohner-Konzept AG\" \/>\n<meta property=\"og:description\" content=\"Renouvelez votre abonnement pour l&#039;utilisation du espace membre du Concept Rohner pendant un an. Renouveler 1\/2 Eveline M\u00fcllerr\u00e9pond avec plaisir \u00e0 vos questions.Vous pouvez l\u2019appeler au: +41 43 366 01 71ou lui envoyer un e-mail.\" \/>\n<meta property=\"og:url\" content=\"https:\/\/www.rohner-konzept.ch\/fr\/abonnement-verlaengern\/\" \/>\n<meta property=\"og:site_name\" content=\"Rohner-Konzept AG\" \/>\n<meta property=\"article:modified_time\" content=\"2022-05-30T10:20:50+00:00\" \/>\n<meta name=\"twitter:card\" content=\"summary_large_image\" \/>\n<meta name=\"twitter:label1\" content=\"Dur\u00e9e de lecture estim\u00e9e\" \/>\n\t<meta name=\"twitter:data1\" content=\"4 minutes\" \/>\n<script type=\"application\/ld+json\" class=\"yoast-schema-graph\">{\"@context\":\"https:\/\/schema.org\",\"@graph\":[{\"@type\":\"WebPage\",\"@id\":\"https:\/\/www.rohner-konzept.ch\/fr\/abonnement-verlaengern\/\",\"url\":\"https:\/\/www.rohner-konzept.ch\/fr\/abonnement-verlaengern\/\",\"name\":\"Renouveler l'abonnement &#8211; Rohner-Konzept AG\",\"isPartOf\":{\"@id\":\"https:\/\/www.rohner-konzept.ch\/fr\/#website\"},\"datePublished\":\"2021-07-09T12:55:05+00:00\",\"dateModified\":\"2022-05-30T10:20:50+00:00\",\"breadcrumb\":{\"@id\":\"https:\/\/www.rohner-konzept.ch\/fr\/abonnement-verlaengern\/#breadcrumb\"},\"inLanguage\":\"fr-FR\",\"potentialAction\":[{\"@type\":\"ReadAction\",\"target\":[\"https:\/\/www.rohner-konzept.ch\/fr\/abonnement-verlaengern\/\"]}]},{\"@type\":\"BreadcrumbList\",\"@id\":\"https:\/\/www.rohner-konzept.ch\/fr\/abonnement-verlaengern\/#breadcrumb\",\"itemListElement\":[{\"@type\":\"ListItem\",\"position\":1,\"name\":\"Home\",\"item\":\"https:\/\/www.rohner-konzept.ch\/fr\/\"},{\"@type\":\"ListItem\",\"position\":2,\"name\":\"Renouveler l&#8217;abonnement\"}]},{\"@type\":\"WebSite\",\"@id\":\"https:\/\/www.rohner-konzept.ch\/fr\/#website\",\"url\":\"https:\/\/www.rohner-konzept.ch\/fr\/\",\"name\":\"Rohner-Konzept AG\",\"description\":\"Der medizinische Weg zum Idealgewicht\",\"publisher\":{\"@id\":\"https:\/\/www.rohner-konzept.ch\/fr\/#organization\"},\"potentialAction\":[{\"@type\":\"SearchAction\",\"target\":{\"@type\":\"EntryPoint\",\"urlTemplate\":\"https:\/\/www.rohner-konzept.ch\/fr\/?s={search_term_string}\"},\"query-input\":{\"@type\":\"PropertyValueSpecification\",\"valueRequired\":true,\"valueName\":\"search_term_string\"}}],\"inLanguage\":\"fr-FR\"},{\"@type\":\"Organization\",\"@id\":\"https:\/\/www.rohner-konzept.ch\/fr\/#organization\",\"name\":\"Rohner-Konzept AG\",\"url\":\"https:\/\/www.rohner-konzept.ch\/fr\/\",\"logo\":{\"@type\":\"ImageObject\",\"inLanguage\":\"fr-FR\",\"@id\":\"https:\/\/www.rohner-konzept.ch\/fr\/#\/schema\/logo\/image\/\",\"url\":\"https:\/\/www.rohner-konzept.ch\/wp-content\/uploads\/2020\/10\/RK_Logo_rgb.svg\",\"contentUrl\":\"https:\/\/www.rohner-konzept.ch\/wp-content\/uploads\/2020\/10\/RK_Logo_rgb.svg\",\"width\":\"1024\",\"height\":\"1024\",\"caption\":\"Rohner-Konzept AG\"},\"image\":{\"@id\":\"https:\/\/www.rohner-konzept.ch\/fr\/#\/schema\/logo\/image\/\"}}]}<\/script>\n<!-- \/ Yoast SEO plugin. -->","yoast_head_json":{"title":"Renouveler l'abonnement &#8211; Rohner-Konzept AG","robots":{"index":"index","follow":"follow","max-snippet":"max-snippet:-1","max-image-preview":"max-image-preview:large","max-video-preview":"max-video-preview:-1"},"canonical":"https:\/\/www.rohner-konzept.ch\/fr\/abonnement-verlaengern\/","og_locale":"fr_FR","og_type":"article","og_title":"Renouveler l'abonnement &#8211; Rohner-Konzept AG","og_description":"Renouvelez votre abonnement pour l'utilisation du espace membre du Concept Rohner pendant un an. Renouveler 1\/2 Eveline M\u00fcllerr\u00e9pond avec plaisir \u00e0 vos questions.Vous pouvez l\u2019appeler au: +41 43 366 01 71ou lui envoyer un e-mail.","og_url":"https:\/\/www.rohner-konzept.ch\/fr\/abonnement-verlaengern\/","og_site_name":"Rohner-Konzept AG","article_modified_time":"2022-05-30T10:20:50+00:00","twitter_card":"summary_large_image","twitter_misc":{"Dur\u00e9e de lecture estim\u00e9e":"4 minutes"},"schema":{"@context":"https:\/\/schema.org","@graph":[{"@type":"WebPage","@id":"https:\/\/www.rohner-konzept.ch\/fr\/abonnement-verlaengern\/","url":"https:\/\/www.rohner-konzept.ch\/fr\/abonnement-verlaengern\/","name":"Renouveler l'abonnement &#8211; Rohner-Konzept AG","isPartOf":{"@id":"https:\/\/www.rohner-konzept.ch\/fr\/#website"},"datePublished":"2021-07-09T12:55:05+00:00","dateModified":"2022-05-30T10:20:50+00:00","breadcrumb":{"@id":"https:\/\/www.rohner-konzept.ch\/fr\/abonnement-verlaengern\/#breadcrumb"},"inLanguage":"fr-FR","potentialAction":[{"@type":"ReadAction","target":["https:\/\/www.rohner-konzept.ch\/fr\/abonnement-verlaengern\/"]}]},{"@type":"BreadcrumbList","@id":"https:\/\/www.rohner-konzept.ch\/fr\/abonnement-verlaengern\/#breadcrumb","itemListElement":[{"@type":"ListItem","position":1,"name":"Home","item":"https:\/\/www.rohner-konzept.ch\/fr\/"},{"@type":"ListItem","position":2,"name":"Renouveler l&#8217;abonnement"}]},{"@type":"WebSite","@id":"https:\/\/www.rohner-konzept.ch\/fr\/#website","url":"https:\/\/www.rohner-konzept.ch\/fr\/","name":"Rohner-Konzept AG","description":"Der medizinische Weg zum Idealgewicht","publisher":{"@id":"https:\/\/www.rohner-konzept.ch\/fr\/#organization"},"potentialAction":[{"@type":"SearchAction","target":{"@type":"EntryPoint","urlTemplate":"https:\/\/www.rohner-konzept.ch\/fr\/?s={search_term_string}"},"query-input":{"@type":"PropertyValueSpecification","valueRequired":true,"valueName":"search_term_string"}}],"inLanguage":"fr-FR"},{"@type":"Organization","@id":"https:\/\/www.rohner-konzept.ch\/fr\/#organization","name":"Rohner-Konzept AG","url":"https:\/\/www.rohner-konzept.ch\/fr\/","logo":{"@type":"ImageObject","inLanguage":"fr-FR","@id":"https:\/\/www.rohner-konzept.ch\/fr\/#\/schema\/logo\/image\/","url":"https:\/\/www.rohner-konzept.ch\/wp-content\/uploads\/2020\/10\/RK_Logo_rgb.svg","contentUrl":"https:\/\/www.rohner-konzept.ch\/wp-content\/uploads\/2020\/10\/RK_Logo_rgb.svg","width":"1024","height":"1024","caption":"Rohner-Konzept AG"},"image":{"@id":"https:\/\/www.rohner-konzept.ch\/fr\/#\/schema\/logo\/image\/"}}]}},"jetpack_sharing_enabled":true,"_links":{"self":[{"href":"https:\/\/www.rohner-konzept.ch\/fr\/wp-json\/wp\/v2\/pages\/7799","targetHints":{"allow":["GET"]}}],"collection":[{"href":"https:\/\/www.rohner-konzept.ch\/fr\/wp-json\/wp\/v2\/pages"}],"about":[{"href":"https:\/\/www.rohner-konzept.ch\/fr\/wp-json\/wp\/v2\/types\/page"}],"author":[{"embeddable":true,"href":"https:\/\/www.rohner-konzept.ch\/fr\/wp-json\/wp\/v2\/users\/21"}],"replies":[{"embeddable":true,"href":"https:\/\/www.rohner-konzept.ch\/fr\/wp-json\/wp\/v2\/comments?post=7799"}],"version-history":[{"count":21,"href":"https:\/\/www.rohner-konzept.ch\/fr\/wp-json\/wp\/v2\/pages\/7799\/revisions"}],"predecessor-version":[{"id":9662,"href":"https:\/\/www.rohner-konzept.ch\/fr\/wp-json\/wp\/v2\/pages\/7799\/revisions\/9662"}],"wp:attachment":[{"href":"https:\/\/www.rohner-konzept.ch\/fr\/wp-json\/wp\/v2\/media?parent=7799"}],"curies":[{"name":"wp","href":"https:\/\/api.w.org\/{rel}","templated":true}]}}