{"id":11735,"date":"2023-10-18T14:20:25","date_gmt":"2023-10-18T14:20:25","guid":{"rendered":"https:\/\/www.rohner-konzept.ch\/?page_id=11735"},"modified":"2023-10-18T14:24:27","modified_gmt":"2023-10-18T14:24:27","slug":"conditions-generales","status":"publish","type":"page","link":"https:\/\/www.rohner-konzept.ch\/fr\/conditions-generales\/","title":{"rendered":"Conditions g\u00e9n\u00e9rales"},"content":{"rendered":"<p>[et_pb_section fb_built=\u00a0\u00bb1&Prime; admin_label=\u00a0\u00bbsection\u00a0\u00bb _builder_version=\u00a0\u00bb4.16&Prime; custom_padding=\u00a0\u00bb||0px|\u00a0\u00bb da_disable_devices=\u00a0\u00bboff|off|off\u00a0\u00bb transparent_background=\u00a0\u00bboff\u00a0\u00bb make_fullwidth=\u00a0\u00bboff\u00a0\u00bb use_custom_width=\u00a0\u00bboff\u00a0\u00bb width_unit=\u00a0\u00bbon\u00a0\u00bb global_colors_info=\u00a0\u00bb{}\u00a0\u00bb da_is_popup=\u00a0\u00bboff\u00a0\u00bb da_exit_intent=\u00a0\u00bboff\u00a0\u00bb da_has_close=\u00a0\u00bbon\u00a0\u00bb da_alt_close=\u00a0\u00bboff\u00a0\u00bb da_dark_close=\u00a0\u00bboff\u00a0\u00bb da_not_modal=\u00a0\u00bbon\u00a0\u00bb da_is_singular=\u00a0\u00bboff\u00a0\u00bb da_with_loader=\u00a0\u00bboff\u00a0\u00bb da_has_shadow=\u00a0\u00bbon\u00a0\u00bb][et_pb_row admin_label=\u00a0\u00bbrow\u00a0\u00bb _builder_version=\u00a0\u00bb4.16&Prime; background_size=\u00a0\u00bbinitial\u00a0\u00bb background_position=\u00a0\u00bbtop_left\u00a0\u00bb background_repeat=\u00a0\u00bbrepeat\u00a0\u00bb max_width=\u00a0\u00bb1080px\u00a0\u00bb global_colors_info=\u00a0\u00bb{}\u00a0\u00bb][et_pb_column type=\u00a0\u00bb4_4&Prime; _builder_version=\u00a0\u00bb4.16&Prime; custom_padding=\u00a0\u00bb|||\u00a0\u00bb global_colors_info=\u00a0\u00bb{}\u00a0\u00bb custom_padding__hover=\u00a0\u00bb|||\u00a0\u00bb][et_pb_text admin_label=\u00a0\u00bbTitel\u00a0\u00bb _builder_version=\u00a0\u00bb4.22.2&Prime; header_font_size=\u00a0\u00bb31px\u00a0\u00bb background_size=\u00a0\u00bbinitial\u00a0\u00bb background_position=\u00a0\u00bbtop_left\u00a0\u00bb background_repeat=\u00a0\u00bbrepeat\u00a0\u00bb module_alignment=\u00a0\u00bbleft\u00a0\u00bb use_border_color=\u00a0\u00bboff\u00a0\u00bb global_colors_info=\u00a0\u00bb{}\u00a0\u00bb]<\/p>\n<h1>Conditions g\u00e9n\u00e9rales de Rohner-Konzept AG<\/h1>\n<p>[\/et_pb_text][\/et_pb_column][\/et_pb_row][et_pb_row admin_label=\u00a0\u00bbrow\u00a0\u00bb _builder_version=\u00a0\u00bb4.16&Prime; background_size=\u00a0\u00bbinitial\u00a0\u00bb background_position=\u00a0\u00bbtop_left\u00a0\u00bb background_repeat=\u00a0\u00bbrepeat\u00a0\u00bb max_width=\u00a0\u00bb1080px\u00a0\u00bb global_colors_info=\u00a0\u00bb{}\u00a0\u00bb][et_pb_column type=\u00a0\u00bb4_4&Prime; _builder_version=\u00a0\u00bb4.16&Prime; custom_padding=\u00a0\u00bb|||\u00a0\u00bb global_colors_info=\u00a0\u00bb{}\u00a0\u00bb custom_padding__hover=\u00a0\u00bb|||\u00a0\u00bb][et_pb_text _builder_version=\u00a0\u00bb4.22.2&Prime; background_size=\u00a0\u00bbinitial\u00a0\u00bb background_position=\u00a0\u00bbtop_left\u00a0\u00bb background_repeat=\u00a0\u00bbrepeat\u00a0\u00bb module_alignment=\u00a0\u00bbleft\u00a0\u00bb hover_enabled=\u00a0\u00bb0&Prime; global_colors_info=\u00a0\u00bb{}\u00a0\u00bb sticky_enabled=\u00a0\u00bb0&Prime;]<\/p>\n<h3>Contenu du contrat et partenaire contractuel<\/h3>\n<p>Le client conclut ce contrat avec le partenaire qu&rsquo;il a choisi (exclusivement des sp\u00e9cialistes form\u00e9s et s\u00e9lectionn\u00e9s par Rohner-Konzept AG dans les professions de la sant\u00e9 au sens large).<\/p>\n<p>Rohner-Konzept AG met \u00e0 la disposition des partenaires le savoir-faire n\u00e9cessaire \u00e0 l&rsquo;analyse du m\u00e9tabolisme, assure la formation et d&rsquo;autres prestations et per\u00e7oit les honoraires pour les partenaires.<\/p>\n<p>Le contrat est conclu par le remplissage complet et v\u00e9ridique du formulaire d&rsquo;inscription et le paiement du ticket, \u00e0 moins que le partenaire ne refuse le traitement dans les 5 jours suivant la pr\u00e9sentation du ticket. En cas de refus, le montant total du billet pay\u00e9 sera rembours\u00e9 au client.<\/p>\n<p>Aucun contrat n&rsquo;est conclu entre Rohner-Konzept AG et le client. Rohner-Konzept AG n&rsquo;est donc pas responsable envers le client sous quelque forme que ce soit.<\/p>\n<p>Les prestations et les frais de traitement r\u00e9sultent du formulaire d&rsquo;inscription.<\/p>\n<p>&nbsp;<\/p>\n<h3>Le secret professionnel<\/h3>\n<p>Dans la mesure o\u00f9 les partenaires sont soumis au secret professionnel (secret m\u00e9dical), celui-ci est respect\u00e9 dans tous les cas. Dans le cas des personnes soumises au secret professionnel, Rohner-Konzept AG n&rsquo;a connaissance de ce contrat que par l&rsquo;interm\u00e9diaire de la m\u00e9diation, mais ne re\u00e7oit aucune information du partenaire sur l&rsquo;\u00e9tat de sant\u00e9 ou le succ\u00e8s du traitement.<\/p>\n<p>&nbsp;<\/p>\n<h2>Donn\u00e9es<\/h2>\n<p>Dans la mesure o\u00f9 les partenaires ne sont pas m\u00e9decins, ils envoient les \u00e9chantillons de sang pr\u00e9lev\u00e9s par le client lui-m\u00eame dans le cadre de leur activit\u00e9 \u00e0 des laboratoires s\u00e9lectionn\u00e9s, qui transmettent les analyses \u00e0 Rohner-Konzept AG. Le client accepte que les laboratoires envoient les donn\u00e9es analys\u00e9es \u00e0 Rohner-Konzept AG ainsi qu&rsquo;au partenaire.<\/p>\n<p>Rohner-Konzept AG enregistre et traite les donn\u00e9es pour l&rsquo;ex\u00e9cution du contrat et pour ses propres activit\u00e9s de marketing. En outre, Rohner-Konzept AG utilise des cookies lors de la visite de son site Internet et est autoris\u00e9e \u00e0 utiliser des outils d&rsquo;analyse.<\/p>\n<p>Rohner-Konzept AG transmet les donn\u00e9es uniquement au partenaire choisi par le client, mais ne les transmet pas \u00e0 des tiers.<\/p>\n<p>&nbsp;<\/p>\n<h3>Droit applicable<\/h3>\n<p>Le droit national suisse est applicable (\u00e0 l&rsquo;exclusion du droit international priv\u00e9).<\/p>\n<p><em>\u00abCette conditions g\u00e9n\u00e9rales est une traduction automatique de l&rsquo;allemand.\u00bb<\/em><br \/>\n[\/et_pb_text][\/et_pb_column][\/et_pb_row][\/et_pb_section]<\/p>\n","protected":false},"excerpt":{"rendered":"<p>Conditions g\u00e9n\u00e9rales de Rohner-Konzept AG Contenu du contrat et partenaire contractuel Le client conclut ce contrat avec le partenaire qu&rsquo;il a choisi (exclusivement des sp\u00e9cialistes form\u00e9s et s\u00e9lectionn\u00e9s par Rohner-Konzept AG dans les professions de la sant\u00e9 au sens large). Rohner-Konzept AG met \u00e0 la disposition des partenaires le savoir-faire n\u00e9cessaire \u00e0 l&rsquo;analyse du m\u00e9tabolisme, [&hellip;]<\/p>\n","protected":false},"author":21,"featured_media":0,"parent":0,"menu_order":0,"comment_status":"closed","ping_status":"closed","template":"","meta":{"_et_pb_use_builder":"on","_et_pb_old_content":"","_et_gb_content_width":"","inline_featured_image":false,"footnotes":""},"class_list":["post-11735","page","type-page","status-publish","hentry"],"yoast_head":"<!-- This site is optimized with the Yoast SEO plugin v26.8 - https:\/\/yoast.com\/product\/yoast-seo-wordpress\/ -->\n<title>Conditions g\u00e9n\u00e9rales &#8211; Rohner-Konzept AG<\/title>\n<meta name=\"robots\" content=\"index, follow, max-snippet:-1, max-image-preview:large, max-video-preview:-1\" \/>\n<link rel=\"canonical\" href=\"https:\/\/www.rohner-konzept.ch\/fr\/conditions-generales\/\" \/>\n<meta property=\"og:locale\" content=\"fr_FR\" \/>\n<meta property=\"og:type\" content=\"article\" \/>\n<meta property=\"og:title\" content=\"Conditions g\u00e9n\u00e9rales &#8211; Rohner-Konzept AG\" \/>\n<meta property=\"og:description\" content=\"Conditions g\u00e9n\u00e9rales de Rohner-Konzept AG Contenu du contrat et partenaire contractuel Le client conclut ce contrat avec le partenaire qu&#039;il a choisi (exclusivement des sp\u00e9cialistes form\u00e9s et s\u00e9lectionn\u00e9s par Rohner-Konzept AG dans les professions de la sant\u00e9 au sens large). Rohner-Konzept AG met \u00e0 la disposition des partenaires le savoir-faire n\u00e9cessaire \u00e0 l&#039;analyse du m\u00e9tabolisme, [&hellip;]\" \/>\n<meta property=\"og:url\" content=\"https:\/\/www.rohner-konzept.ch\/fr\/conditions-generales\/\" \/>\n<meta property=\"og:site_name\" content=\"Rohner-Konzept AG\" \/>\n<meta property=\"article:modified_time\" content=\"2023-10-18T14:24:27+00:00\" \/>\n<meta name=\"twitter:card\" content=\"summary_large_image\" \/>\n<script type=\"application\/ld+json\" class=\"yoast-schema-graph\">{\"@context\":\"https:\/\/schema.org\",\"@graph\":[{\"@type\":\"WebPage\",\"@id\":\"https:\/\/www.rohner-konzept.ch\/fr\/conditions-generales\/\",\"url\":\"https:\/\/www.rohner-konzept.ch\/fr\/conditions-generales\/\",\"name\":\"Conditions g\u00e9n\u00e9rales &#8211; Rohner-Konzept AG\",\"isPartOf\":{\"@id\":\"https:\/\/www.rohner-konzept.ch\/fr\/#website\"},\"datePublished\":\"2023-10-18T14:20:25+00:00\",\"dateModified\":\"2023-10-18T14:24:27+00:00\",\"breadcrumb\":{\"@id\":\"https:\/\/www.rohner-konzept.ch\/fr\/conditions-generales\/#breadcrumb\"},\"inLanguage\":\"fr-FR\",\"potentialAction\":[{\"@type\":\"ReadAction\",\"target\":[\"https:\/\/www.rohner-konzept.ch\/fr\/conditions-generales\/\"]}]},{\"@type\":\"BreadcrumbList\",\"@id\":\"https:\/\/www.rohner-konzept.ch\/fr\/conditions-generales\/#breadcrumb\",\"itemListElement\":[{\"@type\":\"ListItem\",\"position\":1,\"name\":\"Home\",\"item\":\"https:\/\/www.rohner-konzept.ch\/fr\/\"},{\"@type\":\"ListItem\",\"position\":2,\"name\":\"Conditions g\u00e9n\u00e9rales\"}]},{\"@type\":\"WebSite\",\"@id\":\"https:\/\/www.rohner-konzept.ch\/fr\/#website\",\"url\":\"https:\/\/www.rohner-konzept.ch\/fr\/\",\"name\":\"Rohner-Konzept AG\",\"description\":\"Der medizinische Weg zum Idealgewicht\",\"publisher\":{\"@id\":\"https:\/\/www.rohner-konzept.ch\/fr\/#organization\"},\"potentialAction\":[{\"@type\":\"SearchAction\",\"target\":{\"@type\":\"EntryPoint\",\"urlTemplate\":\"https:\/\/www.rohner-konzept.ch\/fr\/?s={search_term_string}\"},\"query-input\":{\"@type\":\"PropertyValueSpecification\",\"valueRequired\":true,\"valueName\":\"search_term_string\"}}],\"inLanguage\":\"fr-FR\"},{\"@type\":\"Organization\",\"@id\":\"https:\/\/www.rohner-konzept.ch\/fr\/#organization\",\"name\":\"Rohner-Konzept AG\",\"url\":\"https:\/\/www.rohner-konzept.ch\/fr\/\",\"logo\":{\"@type\":\"ImageObject\",\"inLanguage\":\"fr-FR\",\"@id\":\"https:\/\/www.rohner-konzept.ch\/fr\/#\/schema\/logo\/image\/\",\"url\":\"https:\/\/www.rohner-konzept.ch\/wp-content\/uploads\/2020\/10\/RK_Logo_rgb.svg\",\"contentUrl\":\"https:\/\/www.rohner-konzept.ch\/wp-content\/uploads\/2020\/10\/RK_Logo_rgb.svg\",\"width\":\"1024\",\"height\":\"1024\",\"caption\":\"Rohner-Konzept AG\"},\"image\":{\"@id\":\"https:\/\/www.rohner-konzept.ch\/fr\/#\/schema\/logo\/image\/\"}}]}<\/script>\n<!-- \/ Yoast SEO plugin. -->","yoast_head_json":{"title":"Conditions g\u00e9n\u00e9rales &#8211; Rohner-Konzept AG","robots":{"index":"index","follow":"follow","max-snippet":"max-snippet:-1","max-image-preview":"max-image-preview:large","max-video-preview":"max-video-preview:-1"},"canonical":"https:\/\/www.rohner-konzept.ch\/fr\/conditions-generales\/","og_locale":"fr_FR","og_type":"article","og_title":"Conditions g\u00e9n\u00e9rales &#8211; Rohner-Konzept AG","og_description":"Conditions g\u00e9n\u00e9rales de Rohner-Konzept AG Contenu du contrat et partenaire contractuel Le client conclut ce contrat avec le partenaire qu'il a choisi (exclusivement des sp\u00e9cialistes form\u00e9s et s\u00e9lectionn\u00e9s par Rohner-Konzept AG dans les professions de la sant\u00e9 au sens large). Rohner-Konzept AG met \u00e0 la disposition des partenaires le savoir-faire n\u00e9cessaire \u00e0 l'analyse du m\u00e9tabolisme, [&hellip;]","og_url":"https:\/\/www.rohner-konzept.ch\/fr\/conditions-generales\/","og_site_name":"Rohner-Konzept AG","article_modified_time":"2023-10-18T14:24:27+00:00","twitter_card":"summary_large_image","schema":{"@context":"https:\/\/schema.org","@graph":[{"@type":"WebPage","@id":"https:\/\/www.rohner-konzept.ch\/fr\/conditions-generales\/","url":"https:\/\/www.rohner-konzept.ch\/fr\/conditions-generales\/","name":"Conditions g\u00e9n\u00e9rales &#8211; Rohner-Konzept AG","isPartOf":{"@id":"https:\/\/www.rohner-konzept.ch\/fr\/#website"},"datePublished":"2023-10-18T14:20:25+00:00","dateModified":"2023-10-18T14:24:27+00:00","breadcrumb":{"@id":"https:\/\/www.rohner-konzept.ch\/fr\/conditions-generales\/#breadcrumb"},"inLanguage":"fr-FR","potentialAction":[{"@type":"ReadAction","target":["https:\/\/www.rohner-konzept.ch\/fr\/conditions-generales\/"]}]},{"@type":"BreadcrumbList","@id":"https:\/\/www.rohner-konzept.ch\/fr\/conditions-generales\/#breadcrumb","itemListElement":[{"@type":"ListItem","position":1,"name":"Home","item":"https:\/\/www.rohner-konzept.ch\/fr\/"},{"@type":"ListItem","position":2,"name":"Conditions g\u00e9n\u00e9rales"}]},{"@type":"WebSite","@id":"https:\/\/www.rohner-konzept.ch\/fr\/#website","url":"https:\/\/www.rohner-konzept.ch\/fr\/","name":"Rohner-Konzept AG","description":"Der medizinische Weg zum Idealgewicht","publisher":{"@id":"https:\/\/www.rohner-konzept.ch\/fr\/#organization"},"potentialAction":[{"@type":"SearchAction","target":{"@type":"EntryPoint","urlTemplate":"https:\/\/www.rohner-konzept.ch\/fr\/?s={search_term_string}"},"query-input":{"@type":"PropertyValueSpecification","valueRequired":true,"valueName":"search_term_string"}}],"inLanguage":"fr-FR"},{"@type":"Organization","@id":"https:\/\/www.rohner-konzept.ch\/fr\/#organization","name":"Rohner-Konzept AG","url":"https:\/\/www.rohner-konzept.ch\/fr\/","logo":{"@type":"ImageObject","inLanguage":"fr-FR","@id":"https:\/\/www.rohner-konzept.ch\/fr\/#\/schema\/logo\/image\/","url":"https:\/\/www.rohner-konzept.ch\/wp-content\/uploads\/2020\/10\/RK_Logo_rgb.svg","contentUrl":"https:\/\/www.rohner-konzept.ch\/wp-content\/uploads\/2020\/10\/RK_Logo_rgb.svg","width":"1024","height":"1024","caption":"Rohner-Konzept AG"},"image":{"@id":"https:\/\/www.rohner-konzept.ch\/fr\/#\/schema\/logo\/image\/"}}]}},"jetpack_sharing_enabled":true,"_links":{"self":[{"href":"https:\/\/www.rohner-konzept.ch\/fr\/wp-json\/wp\/v2\/pages\/11735","targetHints":{"allow":["GET"]}}],"collection":[{"href":"https:\/\/www.rohner-konzept.ch\/fr\/wp-json\/wp\/v2\/pages"}],"about":[{"href":"https:\/\/www.rohner-konzept.ch\/fr\/wp-json\/wp\/v2\/types\/page"}],"author":[{"embeddable":true,"href":"https:\/\/www.rohner-konzept.ch\/fr\/wp-json\/wp\/v2\/users\/21"}],"replies":[{"embeddable":true,"href":"https:\/\/www.rohner-konzept.ch\/fr\/wp-json\/wp\/v2\/comments?post=11735"}],"version-history":[{"count":3,"href":"https:\/\/www.rohner-konzept.ch\/fr\/wp-json\/wp\/v2\/pages\/11735\/revisions"}],"predecessor-version":[{"id":11739,"href":"https:\/\/www.rohner-konzept.ch\/fr\/wp-json\/wp\/v2\/pages\/11735\/revisions\/11739"}],"wp:attachment":[{"href":"https:\/\/www.rohner-konzept.ch\/fr\/wp-json\/wp\/v2\/media?parent=11735"}],"curies":[{"name":"wp","href":"https:\/\/api.w.org\/{rel}","templated":true}]}}