{"id":6401,"date":"2021-01-01T16:01:28","date_gmt":"2021-01-01T16:01:28","guid":{"rendered":"http:\/\/consentaag.ch.194.150.248.147.dev-url.ch\/rohner\/?page_id=6401"},"modified":"2021-11-16T12:42:38","modified_gmt":"2021-11-16T12:42:38","slug":"principle","status":"publish","type":"page","link":"https:\/\/www.rohner-konzept.ch\/en\/principle\/","title":{"rendered":"Principle"},"content":{"rendered":"<p>[et_pb_section fb_built=&#8221;1&#8243; admin_label=&#8221;Header mit Bild und Farbfl\u00e4che&#8221; _builder_version=&#8221;4.6.5&#8243; _module_preset=&#8221;default&#8221; background_color=&#8221;rgba(0,0,0,0)&#8221; use_background_color_gradient=&#8221;on&#8221; background_color_gradient_start=&#8221;#ffffff&#8221; background_color_gradient_end=&#8221;#d7cfc6&#8243; background_color_gradient_direction=&#8221;90deg&#8221; background_color_gradient_start_position=&#8221;25%&#8221; background_color_gradient_end_position=&#8221;25%&#8221; background_enable_image=&#8221;off&#8221; z_index=&#8221;0&#8243; width=&#8221;100%&#8221; width_tablet=&#8221;&#8221; width_phone=&#8221;&#8221; width_last_edited=&#8221;on|desktop&#8221; module_alignment=&#8221;left&#8221; custom_margin=&#8221;|||0px|false|false&#8221; custom_padding=&#8221;5px|||0px|false|false&#8221; hover_enabled=&#8221;0&#8243; background_last_edited=&#8221;on|desktop&#8221; background_color_gradient_start_position_tablet=&#8221;35%&#8221; background_color_gradient_start_position_phone=&#8221;100%&#8221; background_color_gradient_end_position_tablet=&#8221;35%&#8221; background_color_gradient_end_position_phone=&#8221;100%&#8221; global_colors_info=&#8221;{}&#8221; sticky_enabled=&#8221;0&#8243; da_is_popup=&#8221;off&#8221; da_exit_intent=&#8221;off&#8221; da_has_close=&#8221;on&#8221; da_alt_close=&#8221;off&#8221; da_dark_close=&#8221;off&#8221; da_not_modal=&#8221;on&#8221; da_is_singular=&#8221;off&#8221; da_with_loader=&#8221;off&#8221; da_has_shadow=&#8221;on&#8221; da_disable_devices=&#8221;off|off|off&#8221;][et_pb_row _builder_version=&#8221;4.12.0&#8243; _module_preset=&#8221;default&#8221; background_image=&#8221;https:\/\/www.rohner-konzept.ch\/wp-content\/uploads\/2020\/10\/Melone-3_shutterstock_1118281358-scaled.jpg&#8221; background_position=&#8221;top_center&#8221; width=&#8221;90%&#8221; width_tablet=&#8221;90%&#8221; width_phone=&#8221;100%&#8221; width_last_edited=&#8221;on|tablet&#8221; max_width=&#8221;5000px&#8221; module_alignment=&#8221;left&#8221; min_height=&#8221;600px&#8221; min_height_tablet=&#8221;500px&#8221; min_height_phone=&#8221;500px&#8221; min_height_last_edited=&#8221;on|phone&#8221; max_height=&#8221;700px&#8221; max_height_tablet=&#8221;700px&#8221; max_height_phone=&#8221;800px&#8221; max_height_last_edited=&#8221;on|tablet&#8221; custom_margin=&#8221;0px||-150px|0px|false|false&#8221; custom_padding=&#8221;||||false|false&#8221; animation_style=&#8221;slide&#8221; animation_direction=&#8221;left&#8221; animation_intensity_slide=&#8221;20%&#8221; animation_starting_opacity=&#8221;100%&#8221; scroll_vertical_motion=&#8221;0|50|50|100|0|0|0&#8243; hover_enabled=&#8221;0&#8243; global_colors_info=&#8221;{}&#8221; alt=&#8221;Rohner-Konzept \u2013 Gesundes Abnehmen&#8221; title_text=&#8221;Ueber uns&#8221; sticky_enabled=&#8221;0&#8243;][et_pb_column type=&#8221;4_4&#8243; _builder_version=&#8221;4.6.6&#8243; _module_preset=&#8221;default&#8221; background_enable_image=&#8221;off&#8221; global_colors_info=&#8221;{}&#8221;][et_pb_text _builder_version=&#8221;4.8.1&#8243; _module_preset=&#8221;default&#8221; header_text_color=&#8221;#ffffff&#8221; header_2_text_color=&#8221;#FFFFFF&#8221; header_2_font_size=&#8221;30px&#8221; max_width=&#8221;25%&#8221; max_width_tablet=&#8221;40%&#8221; max_width_phone=&#8221;50%&#8221; max_width_last_edited=&#8221;on|phone&#8221; custom_margin=&#8221;350px|20%||20%|false|false&#8221; custom_margin_tablet=&#8221;50px|10%||10%|false|false&#8221; custom_margin_phone=&#8221;10px|10%||10%|false|false&#8221; custom_margin_last_edited=&#8221;on|phone&#8221; header_text_shadow_style=&#8221;preset3&#8243; header_text_shadow_blur_strength=&#8221;0em&#8221; header_text_shadow_blur_strength_tablet=&#8221;0.16em&#8221; header_text_shadow_blur_strength_phone=&#8221;&#8221; header_text_shadow_blur_strength_last_edited=&#8221;on|phone&#8221; global_colors_info=&#8221;{}&#8221;]<\/p>\n<h2>Learn from<br \/>nature.<\/h2>\n<p>[\/et_pb_text][\/et_pb_column][\/et_pb_row][\/et_pb_section][et_pb_section fb_built=&#8221;1&#8243; admin_label=&#8221;Text mit Freisteller&#8221; _builder_version=&#8221;4.6.6&#8243; _module_preset=&#8221;default&#8221; z_index=&#8221;-361&#8243; custom_margin=&#8221;||||false|false&#8221; custom_margin_tablet=&#8221;5vw||||false|false&#8221; custom_margin_phone=&#8221;10vw||||false|false&#8221; custom_margin_last_edited=&#8221;off|desktop&#8221; custom_padding=&#8221;||||false|false&#8221; global_colors_info=&#8221;{}&#8221; da_is_popup=&#8221;off&#8221; da_exit_intent=&#8221;off&#8221; da_has_close=&#8221;on&#8221; da_alt_close=&#8221;off&#8221; da_dark_close=&#8221;off&#8221; da_not_modal=&#8221;on&#8221; da_is_singular=&#8221;off&#8221; da_with_loader=&#8221;off&#8221; da_has_shadow=&#8221;on&#8221; da_disable_devices=&#8221;off|off|off&#8221;][et_pb_row column_structure=&#8221;1_3,2_3&#8243; custom_padding_last_edited=&#8221;off|tablet&#8221; _builder_version=&#8221;4.6.6&#8243; _module_preset=&#8221;default&#8221; custom_margin=&#8221;100px||||false|false&#8221; custom_margin_tablet=&#8221;10vw||||false|false&#8221; custom_margin_phone=&#8221;15vw||0px||false|false&#8221; custom_margin_last_edited=&#8221;off|desktop&#8221; custom_padding_tablet=&#8221;||0px||false|false&#8221; global_colors_info=&#8221;{}&#8221;][et_pb_column type=&#8221;1_3&#8243; _builder_version=&#8221;4.6.5&#8243; _module_preset=&#8221;default&#8221; global_colors_info=&#8221;{}&#8221;][et_pb_text _builder_version=&#8221;4.8.1&#8243; _module_preset=&#8221;default&#8221; header_text_color=&#8221;#44A4D5&#8243; header_font_size=&#8221;25px&#8221; header_4_text_color=&#8221;#69757e&#8221; header_4_line_height=&#8221;1.4em&#8221; custom_margin_tablet=&#8221;-5vw||-5vw||false|false&#8221; custom_margin_phone=&#8221;-5vw||0px||false|false&#8221; custom_margin_last_edited=&#8221;on|phone&#8221; custom_padding_tablet=&#8221;0px||0px||false|false&#8221; custom_padding_phone=&#8221;0px||0px||false|false&#8221; custom_padding_last_edited=&#8221;on|tablet&#8221; global_colors_info=&#8221;{}&#8221;]<\/p>\n<h1>The basics behind the Rohner Concept.<\/h1>\n<p>[\/et_pb_text][\/et_pb_column][et_pb_column type=&#8221;2_3&#8243; _builder_version=&#8221;4.6.5&#8243; _module_preset=&#8221;default&#8221; global_colors_info=&#8221;{}&#8221;][et_pb_text _builder_version=&#8221;4.6.6&#8243; _module_preset=&#8221;default&#8221; custom_margin_tablet=&#8221;&#8221; custom_margin_phone=&#8221;0px||||false|false&#8221; custom_margin_last_edited=&#8221;on|phone&#8221; custom_padding_tablet=&#8221;&#8221; custom_padding_phone=&#8221;0px||||false|false&#8221; custom_padding_last_edited=&#8221;on|phone&#8221; global_colors_info=&#8221;{}&#8221;]<\/p>\n<p>The history of mankind is marked by cycles of feast or famine. <br \/>During times of abundance (summer\/fall), we had to create reserves that would help us get through times of scarcity (winter) later on.<\/p>\n<p>Those who knew how to use food to stimulate their appetite and build energy stores had had a better chance of survival.<\/p>\n<p>Through glucose tolerance tests and other measurements, we are able to determine your metabolic type. You begin by drinking a glucose solution. We then take hourly measurements to determine how fast the glucose is being metabolized in your blood.<\/p>\n<p>If the glucose is metabolized very quickly, we know that you build reserves very efficiently, like a groundhog in the summertime.<\/p>\n<p>If your metabolism switch is set to reserve-building, everything you consume is allocated to these reserves. Think about the groundhog: During the summer, it doesn\u2019t know whether the piece of cabbage it\u2019s eating is going into the reserve tank or if it will be used immediately for energy.<\/p>\n<p>Therefore, our goal is to determine how good your reserve-building \u201cgroundhog\u201d instincts are working.<\/p>\n<p>Since we can\u2019t change your predisposition, if you have a weight problem, you should avoid foods that trigger reserve-building and eat only those that provide the necessary energy to get you through the day.<\/p>\n<p>With the results of the test in hand, we can determine your metabolic type and the specific foods that are classified under that category due to their biochemical structure.<\/p>\n<p>Our nutrition plans for each metabolic type contain the foods assigned to that type based on their biochemical structure.<\/p>\n<p>This often results in improvements in various metabolic parameters such as cholesterol and uric acid as well.<\/p>\n<p>[\/et_pb_text][\/et_pb_column][\/et_pb_row][\/et_pb_section][et_pb_section fb_built=&#8221;1&#8243; disabled_on=&#8221;on|on|off&#8221; admin_label=&#8221;Weg zur Anmeldung&#8221; _builder_version=&#8221;4.6.5&#8243; _module_preset=&#8221;default&#8221; background_color=&#8221;#d7cfc6&#8243; custom_margin=&#8221;0px||0px||false|false&#8221; custom_padding=&#8221;0px||0px||false|false&#8221; global_colors_info=&#8221;{}&#8221; da_is_popup=&#8221;off&#8221; da_exit_intent=&#8221;off&#8221; da_has_close=&#8221;on&#8221; da_alt_close=&#8221;off&#8221; da_dark_close=&#8221;off&#8221; da_not_modal=&#8221;on&#8221; da_is_singular=&#8221;off&#8221; da_with_loader=&#8221;off&#8221; da_has_shadow=&#8221;on&#8221; da_disable_devices=&#8221;off|off|off&#8221;][et_pb_row column_structure=&#8221;1_3,2_3&#8243; custom_padding_last_edited=&#8221;off|desktop&#8221; _builder_version=&#8221;4.6.6&#8243; _module_preset=&#8221;default&#8221; custom_margin=&#8221;0px||0px||false|false&#8221; custom_padding=&#8221;0px||0px||false|false&#8221; custom_padding_tablet=&#8221;0px||||false|false&#8221; custom_padding_phone=&#8221;0px||||false|false&#8221; global_colors_info=&#8221;{}&#8221;][et_pb_column type=&#8221;1_3&#8243; _builder_version=&#8221;4.6.5&#8243; _module_preset=&#8221;default&#8221; global_colors_info=&#8221;{}&#8221;][et_pb_image src=&#8221;https:\/\/www.rohner-konzept.ch\/rohner\/wp-content\/uploads\/2020\/11\/Kontakt_Mueller.png&#8221; title_text=&#8221;Kontakt_Mueller&#8221; _builder_version=&#8221;4.6.6&#8243; _module_preset=&#8221;default&#8221; custom_margin=&#8221;||0px||false|false&#8221; custom_padding=&#8221;||0px||false|false&#8221; global_colors_info=&#8221;{}&#8221;][\/et_pb_image][\/et_pb_column][et_pb_column type=&#8221;2_3&#8243; _builder_version=&#8221;4.6.5&#8243; _module_preset=&#8221;default&#8221; global_colors_info=&#8221;{}&#8221;][et_pb_text _builder_version=&#8221;4.6.6&#8243; _module_preset=&#8221;default&#8221; custom_margin=&#8221;6vw||||false|false&#8221; custom_margin_tablet=&#8221;&#8221; custom_margin_phone=&#8221;&#8221; custom_margin_last_edited=&#8221;on|tablet&#8221; global_colors_info=&#8221;{}&#8221;]<\/p>\n<p><b>Eveline M\u00fcller<br \/><\/b>beantwortet Ihre Fragen gerne.<br \/>Rufen Sie sie an:<b> +41 43 366 01 71<br \/><\/b>oder schreiben Sie eine<a href=\"mailto:info@rohner-konzept.ch\"><b> Mail<\/b><\/a>.<\/p>\n<p>[\/et_pb_text][\/et_pb_column][\/et_pb_row][\/et_pb_section]<\/p>\n","protected":false},"excerpt":{"rendered":"<p>Learn fromnature.The basics behind the Rohner Concept.The history of mankind is marked by cycles of feast or famine. During times of abundance (summer\/fall), we had to create reserves that would help us get through times of scarcity (winter) later on. Those who knew how to use food to stimulate their appetite and build energy stores [&hellip;]<\/p>\n","protected":false},"author":21,"featured_media":0,"parent":0,"menu_order":2,"comment_status":"closed","ping_status":"closed","template":"","meta":{"_et_pb_use_builder":"on","_et_pb_old_content":"<p>[et_pb_section fb_built=\"1\" admin_label=\"Header mit Bild und Farbfl\u00e4che\" _builder_version=\"4.6.5\" _module_preset=\"default\" background_color=\"rgba(0,0,0,0)\" use_background_color_gradient=\"on\" background_color_gradient_start=\"#ffffff\" background_color_gradient_end=\"#d7cfc6\" background_color_gradient_direction=\"90deg\" background_color_gradient_start_position=\"25%\" background_color_gradient_end_position=\"25%\" background_enable_image=\"off\" z_index=\"0\" width=\"100%\" width_tablet=\"\" width_phone=\"\" width_last_edited=\"on|desktop\" module_alignment=\"left\" custom_margin=\"|||0px|false|false\" custom_padding=\"5px|||0px|false|false\" background_last_edited=\"on|desktop\" background_color_gradient_start_position_tablet=\"35%\" background_color_gradient_start_position_phone=\"100%\" background_color_gradient_end_position_tablet=\"35%\" background_color_gradient_end_position_phone=\"100%\"][et_pb_row _builder_version=\"4.6.6\" _module_preset=\"default\" background_image=\"https:\/\/www.rohner-konzept.ch\/rohner\/wp-content\/uploads\/2020\/11\/Murmeli_shutterstock_1590787486-scaled.jpg\" background_position=\"top_center\" width=\"90%\" width_tablet=\"90%\" width_phone=\"100%\" width_last_edited=\"on|tablet\" max_width=\"5000px\" module_alignment=\"left\" min_height=\"600px\" min_height_tablet=\"500px\" min_height_phone=\"500px\" min_height_last_edited=\"on|phone\" max_height=\"700px\" max_height_tablet=\"700px\" max_height_phone=\"800px\" max_height_last_edited=\"on|tablet\" custom_margin=\"0px||-150px|0px|false|false\" custom_padding=\"||||false|false\" animation_style=\"slide\" animation_direction=\"left\" animation_intensity_slide=\"20%\" animation_starting_opacity=\"100%\" scroll_vertical_motion=\"0|50|50|100|0|0|0\"][et_pb_column type=\"4_4\" _builder_version=\"4.6.6\" _module_preset=\"default\" background_enable_image=\"off\"][et_pb_text _builder_version=\"4.6.6\" _module_preset=\"default\" header_text_color=\"#ffffff\" max_width=\"25%\" max_width_tablet=\"40%\" max_width_phone=\"50%\" max_width_last_edited=\"on|phone\" custom_margin=\"350px|20%||20%|false|false\" custom_margin_tablet=\"50px|10%||10%|false|false\" custom_margin_phone=\"10px|10%||10%|false|false\" custom_margin_last_edited=\"on|phone\" header_text_shadow_style=\"preset3\" header_text_shadow_blur_strength=\"0em\" header_text_shadow_blur_strength_tablet=\"0.16em\" header_text_shadow_blur_strength_phone=\"\" header_text_shadow_blur_strength_last_edited=\"on|phone\"]<\/p><h1>Lernen Sie von<br \/>der Natur.<\/h1><p>[\/et_pb_text][\/et_pb_column][\/et_pb_row][\/et_pb_section][et_pb_section fb_built=\"1\" admin_label=\"Text mit Freisteller\" _builder_version=\"4.6.6\" _module_preset=\"default\" z_index=\"-361\" custom_margin=\"||||false|false\" custom_margin_tablet=\"5vw||||false|false\" custom_margin_phone=\"10vw||||false|false\" custom_margin_last_edited=\"off|desktop\" custom_padding=\"||||false|false\" hover_enabled=\"0\" sticky_enabled=\"0\"][et_pb_row column_structure=\"1_3,2_3\" custom_padding_last_edited=\"off|tablet\" _builder_version=\"4.6.6\" _module_preset=\"default\" custom_margin=\"100px||||false|false\" custom_margin_tablet=\"10vw||||false|false\" custom_margin_phone=\"15vw||0px||false|false\" custom_margin_last_edited=\"off|desktop\" custom_padding_tablet=\"||0px||false|false\" hover_enabled=\"0\" sticky_enabled=\"0\"][et_pb_column type=\"1_3\" _builder_version=\"4.6.5\" _module_preset=\"default\"][et_pb_text _builder_version=\"4.6.5\" _module_preset=\"default\" header_4_text_color=\"#69757e\" header_4_line_height=\"1.4em\" custom_margin_tablet=\"-5vw||-5vw||false|false\" custom_margin_phone=\"-5vw||0px||false|false\" custom_margin_last_edited=\"on|phone\" custom_padding_tablet=\"0px||0px||false|false\" custom_padding_phone=\"0px||0px||false|false\" custom_padding_last_edited=\"on|tablet\"]<\/p><h3>Die Grundidee von Rohner-Konzept.<\/h3><p>[\/et_pb_text][\/et_pb_column][et_pb_column type=\"2_3\" _builder_version=\"4.6.5\" _module_preset=\"default\"][et_pb_text _builder_version=\"4.6.6\" _module_preset=\"default\" custom_margin_tablet=\"\" custom_margin_phone=\"0px||||false|false\" custom_margin_last_edited=\"on|phone\" custom_padding_tablet=\"\" custom_padding_phone=\"0px||||false|false\" custom_padding_last_edited=\"on|phone\"]<\/p><p>Die Geschichte der Menschheit ist eine Geschichte von Mangelsituationen. Die Zeiten des \u00dcberflusses (Sommer\/Herbst) mussten zur Reservebildung genutzt werden, um in Mangelsituationen (Winter) davon zehren zu k\u00f6nnen.<\/p><p>Menschen, die mit dem Essen den Appetit anregen und somit die Reservebildung f\u00f6rdern k\u00f6nnen, hatten dadurch einen \u00dcberlebensvorteil.<\/p><p>Mithilfe des Glucosetoleranztests und der durchgef\u00fchrten Messungen sind wir in der Lage, Ihren Stoffwechseltyp zu beurteilen. Dazu erhalten Sie ein Glucosegetr\u00e4nk, dessen Verstoffwechslung st\u00fcndlich in Ihrem Blut gemessen wird.<\/p><p>Wird die Glucose sehr schnell verstoffwechselt, wissen wir, dass Sie ausgezeichnet Reserven bilden, \u00e4hnlich wie das Murmeltier im Sommer.<\/p><p>Wenn der Stoffwechselschalter auf Reservebildung gestellt ist, bringen Sie alles in die Reserven. Denken Sie ans Murmeltier: Wenn es \u00abSommerbetrieb\u00bb hat, unterscheidet es nicht mehr, ob ein Kr\u00e4utchen in die Reserven gelegt wird oder ob ein anderes direkt verbraucht wird.<\/p><p>Wir untersuchen also, wie gut Sie als \u00abMurmeltier\u00bb Reserven anlegen k\u00f6nnen.<\/p><p>Da wir diese Veranlagung nicht \u00e4ndern k\u00f6nnen, sollten Menschen mit Gewichts\u00adproblemen diejenigen Lebensmittel, die die Reservebildung anregen, weglassen und nur noch jene essen, die zur Deckung des laufenden Bedarfes verbraucht werden.<\/p><p>Dank der Untersuchungsresultate k\u00f6nnen Sie nun einem bestimmten Verwertungstyp zugeteilt werden, dem jeweils bestimmte Lebensmittel aufgrund ihrer biochemischen Struktur zugeordnet sind.<\/p><p>Die Ern\u00e4hrungspl\u00e4ne der verschiedenen Typen beruhen auf der biochemischen Struktur der ihnen zugeordneten Lebensmittel.<\/p><p>Auf diese Weise verbessern sich h\u00e4ufig auch verschiedene Stoffwechselparameter (Cholesterin, Harns\u00e4ure) signifikant.<\/p><p>[\/et_pb_text][\/et_pb_column][\/et_pb_row][\/et_pb_section][et_pb_section fb_built=\"1\" disabled_on=\"on|on|off\" admin_label=\"Weg zur Anmeldung\" _builder_version=\"4.6.5\" _module_preset=\"default\" background_color=\"#d7cfc6\" custom_margin=\"0px||0px||false|false\" custom_padding=\"0px||0px||false|false\"][et_pb_row column_structure=\"1_3,2_3\" custom_padding_last_edited=\"off|desktop\" _builder_version=\"4.6.6\" _module_preset=\"default\" custom_margin=\"0px||0px||false|false\" custom_padding=\"0px||0px||false|false\" custom_padding_tablet=\"0px||||false|false\" custom_padding_phone=\"0px||||false|false\"][et_pb_column type=\"1_3\" _builder_version=\"4.6.5\" _module_preset=\"default\"][et_pb_image src=\"https:\/\/www.rohner-konzept.ch\/rohner\/wp-content\/uploads\/2020\/11\/Kontakt_Mueller.png\" title_text=\"Kontakt_Mueller\" _builder_version=\"4.6.6\" _module_preset=\"default\" custom_margin=\"||0px||false|false\" custom_padding=\"||0px||false|false\"][\/et_pb_image][\/et_pb_column][et_pb_column type=\"2_3\" _builder_version=\"4.6.5\" _module_preset=\"default\"][et_pb_text _builder_version=\"4.6.6\" _module_preset=\"default\" custom_margin=\"6vw||||false|false\" custom_margin_tablet=\"\" custom_margin_phone=\"\" custom_margin_last_edited=\"on|tablet\"]<\/p><p><b>Eveline M\u00fcller<br \/><\/b>beantwortet Ihre Fragen gerne.<br \/>Rufen Sie sie an:<b> +41 43 366 01 71<br \/><\/b>oder schreiben Sie eine<a href=\"mailto:info@rohner-konzept.ch\"><b> Mail<\/b><\/a>.<\/p><p>[\/et_pb_text][\/et_pb_column][\/et_pb_row][\/et_pb_section]<\/p>","_et_gb_content_width":"","inline_featured_image":false,"footnotes":""},"class_list":["post-6401","page","type-page","status-publish","hentry"],"yoast_head":"<!-- This site is optimized with the Yoast SEO plugin v26.8 - https:\/\/yoast.com\/product\/yoast-seo-wordpress\/ -->\n<title>Principle &#8211; Rohner-Konzept AG<\/title>\n<meta name=\"robots\" content=\"index, follow, max-snippet:-1, max-image-preview:large, max-video-preview:-1\" \/>\n<link rel=\"canonical\" href=\"https:\/\/www.rohner-konzept.ch\/en\/principle\/\" \/>\n<meta property=\"og:locale\" content=\"en_US\" \/>\n<meta property=\"og:type\" content=\"article\" \/>\n<meta property=\"og:title\" content=\"Principle &#8211; Rohner-Konzept AG\" \/>\n<meta property=\"og:description\" content=\"Learn fromnature.The basics behind the Rohner Concept.The history of mankind is marked by cycles of feast or famine. During times of abundance (summer\/fall), we had to create reserves that would help us get through times of scarcity (winter) later on. Those who knew how to use food to stimulate their appetite and build energy stores [&hellip;]\" \/>\n<meta property=\"og:url\" content=\"https:\/\/www.rohner-konzept.ch\/en\/principle\/\" \/>\n<meta property=\"og:site_name\" content=\"Rohner-Konzept AG\" \/>\n<meta property=\"article:modified_time\" content=\"2021-11-16T12:42:38+00:00\" \/>\n<meta name=\"twitter:card\" content=\"summary_large_image\" \/>\n<meta name=\"twitter:label1\" content=\"Est. reading time\" \/>\n\t<meta name=\"twitter:data1\" content=\"6 minutes\" \/>\n<script type=\"application\/ld+json\" class=\"yoast-schema-graph\">{\"@context\":\"https:\/\/schema.org\",\"@graph\":[{\"@type\":\"WebPage\",\"@id\":\"https:\/\/www.rohner-konzept.ch\/en\/principle\/\",\"url\":\"https:\/\/www.rohner-konzept.ch\/en\/principle\/\",\"name\":\"Principle &#8211; Rohner-Konzept AG\",\"isPartOf\":{\"@id\":\"https:\/\/www.rohner-konzept.ch\/en\/#website\"},\"datePublished\":\"2021-01-01T16:01:28+00:00\",\"dateModified\":\"2021-11-16T12:42:38+00:00\",\"breadcrumb\":{\"@id\":\"https:\/\/www.rohner-konzept.ch\/en\/principle\/#breadcrumb\"},\"inLanguage\":\"en-US\",\"potentialAction\":[{\"@type\":\"ReadAction\",\"target\":[\"https:\/\/www.rohner-konzept.ch\/en\/principle\/\"]}]},{\"@type\":\"BreadcrumbList\",\"@id\":\"https:\/\/www.rohner-konzept.ch\/en\/principle\/#breadcrumb\",\"itemListElement\":[{\"@type\":\"ListItem\",\"position\":1,\"name\":\"Home\",\"item\":\"https:\/\/www.rohner-konzept.ch\/en\/\"},{\"@type\":\"ListItem\",\"position\":2,\"name\":\"Principle\"}]},{\"@type\":\"WebSite\",\"@id\":\"https:\/\/www.rohner-konzept.ch\/en\/#website\",\"url\":\"https:\/\/www.rohner-konzept.ch\/en\/\",\"name\":\"Rohner-Konzept AG\",\"description\":\"Der medizinische Weg zum Idealgewicht\",\"publisher\":{\"@id\":\"https:\/\/www.rohner-konzept.ch\/en\/#organization\"},\"potentialAction\":[{\"@type\":\"SearchAction\",\"target\":{\"@type\":\"EntryPoint\",\"urlTemplate\":\"https:\/\/www.rohner-konzept.ch\/en\/?s={search_term_string}\"},\"query-input\":{\"@type\":\"PropertyValueSpecification\",\"valueRequired\":true,\"valueName\":\"search_term_string\"}}],\"inLanguage\":\"en-US\"},{\"@type\":\"Organization\",\"@id\":\"https:\/\/www.rohner-konzept.ch\/en\/#organization\",\"name\":\"Rohner-Konzept AG\",\"url\":\"https:\/\/www.rohner-konzept.ch\/en\/\",\"logo\":{\"@type\":\"ImageObject\",\"inLanguage\":\"en-US\",\"@id\":\"https:\/\/www.rohner-konzept.ch\/en\/#\/schema\/logo\/image\/\",\"url\":\"https:\/\/www.rohner-konzept.ch\/wp-content\/uploads\/2020\/10\/RK_Logo_rgb.svg\",\"contentUrl\":\"https:\/\/www.rohner-konzept.ch\/wp-content\/uploads\/2020\/10\/RK_Logo_rgb.svg\",\"width\":\"1024\",\"height\":\"1024\",\"caption\":\"Rohner-Konzept AG\"},\"image\":{\"@id\":\"https:\/\/www.rohner-konzept.ch\/en\/#\/schema\/logo\/image\/\"}}]}<\/script>\n<!-- \/ Yoast SEO plugin. -->","yoast_head_json":{"title":"Principle &#8211; Rohner-Konzept AG","robots":{"index":"index","follow":"follow","max-snippet":"max-snippet:-1","max-image-preview":"max-image-preview:large","max-video-preview":"max-video-preview:-1"},"canonical":"https:\/\/www.rohner-konzept.ch\/en\/principle\/","og_locale":"en_US","og_type":"article","og_title":"Principle &#8211; Rohner-Konzept AG","og_description":"Learn fromnature.The basics behind the Rohner Concept.The history of mankind is marked by cycles of feast or famine. During times of abundance (summer\/fall), we had to create reserves that would help us get through times of scarcity (winter) later on. Those who knew how to use food to stimulate their appetite and build energy stores [&hellip;]","og_url":"https:\/\/www.rohner-konzept.ch\/en\/principle\/","og_site_name":"Rohner-Konzept AG","article_modified_time":"2021-11-16T12:42:38+00:00","twitter_card":"summary_large_image","twitter_misc":{"Est. reading time":"6 minutes"},"schema":{"@context":"https:\/\/schema.org","@graph":[{"@type":"WebPage","@id":"https:\/\/www.rohner-konzept.ch\/en\/principle\/","url":"https:\/\/www.rohner-konzept.ch\/en\/principle\/","name":"Principle &#8211; Rohner-Konzept AG","isPartOf":{"@id":"https:\/\/www.rohner-konzept.ch\/en\/#website"},"datePublished":"2021-01-01T16:01:28+00:00","dateModified":"2021-11-16T12:42:38+00:00","breadcrumb":{"@id":"https:\/\/www.rohner-konzept.ch\/en\/principle\/#breadcrumb"},"inLanguage":"en-US","potentialAction":[{"@type":"ReadAction","target":["https:\/\/www.rohner-konzept.ch\/en\/principle\/"]}]},{"@type":"BreadcrumbList","@id":"https:\/\/www.rohner-konzept.ch\/en\/principle\/#breadcrumb","itemListElement":[{"@type":"ListItem","position":1,"name":"Home","item":"https:\/\/www.rohner-konzept.ch\/en\/"},{"@type":"ListItem","position":2,"name":"Principle"}]},{"@type":"WebSite","@id":"https:\/\/www.rohner-konzept.ch\/en\/#website","url":"https:\/\/www.rohner-konzept.ch\/en\/","name":"Rohner-Konzept AG","description":"Der medizinische Weg zum Idealgewicht","publisher":{"@id":"https:\/\/www.rohner-konzept.ch\/en\/#organization"},"potentialAction":[{"@type":"SearchAction","target":{"@type":"EntryPoint","urlTemplate":"https:\/\/www.rohner-konzept.ch\/en\/?s={search_term_string}"},"query-input":{"@type":"PropertyValueSpecification","valueRequired":true,"valueName":"search_term_string"}}],"inLanguage":"en-US"},{"@type":"Organization","@id":"https:\/\/www.rohner-konzept.ch\/en\/#organization","name":"Rohner-Konzept AG","url":"https:\/\/www.rohner-konzept.ch\/en\/","logo":{"@type":"ImageObject","inLanguage":"en-US","@id":"https:\/\/www.rohner-konzept.ch\/en\/#\/schema\/logo\/image\/","url":"https:\/\/www.rohner-konzept.ch\/wp-content\/uploads\/2020\/10\/RK_Logo_rgb.svg","contentUrl":"https:\/\/www.rohner-konzept.ch\/wp-content\/uploads\/2020\/10\/RK_Logo_rgb.svg","width":"1024","height":"1024","caption":"Rohner-Konzept AG"},"image":{"@id":"https:\/\/www.rohner-konzept.ch\/en\/#\/schema\/logo\/image\/"}}]}},"jetpack_sharing_enabled":true,"_links":{"self":[{"href":"https:\/\/www.rohner-konzept.ch\/en\/wp-json\/wp\/v2\/pages\/6401","targetHints":{"allow":["GET"]}}],"collection":[{"href":"https:\/\/www.rohner-konzept.ch\/en\/wp-json\/wp\/v2\/pages"}],"about":[{"href":"https:\/\/www.rohner-konzept.ch\/en\/wp-json\/wp\/v2\/types\/page"}],"author":[{"embeddable":true,"href":"https:\/\/www.rohner-konzept.ch\/en\/wp-json\/wp\/v2\/users\/21"}],"replies":[{"embeddable":true,"href":"https:\/\/www.rohner-konzept.ch\/en\/wp-json\/wp\/v2\/comments?post=6401"}],"version-history":[{"count":5,"href":"https:\/\/www.rohner-konzept.ch\/en\/wp-json\/wp\/v2\/pages\/6401\/revisions"}],"predecessor-version":[{"id":8616,"href":"https:\/\/www.rohner-konzept.ch\/en\/wp-json\/wp\/v2\/pages\/6401\/revisions\/8616"}],"wp:attachment":[{"href":"https:\/\/www.rohner-konzept.ch\/en\/wp-json\/wp\/v2\/media?parent=6401"}],"curies":[{"name":"wp","href":"https:\/\/api.w.org\/{rel}","templated":true}]}}